{"id":827,"date":"2023-09-27T14:45:14","date_gmt":"2023-09-27T12:45:14","guid":{"rendered":"https:\/\/askal.lu\/jobs\/"},"modified":"2023-12-11T15:22:20","modified_gmt":"2023-12-11T14:22:20","slug":"jobs","status":"publish","type":"page","link":"https:\/\/askal.lu\/fr\/jobs\/","title":{"rendered":"Jobs"},"content":{"rendered":"\t\t<div data-elementor-type=\"wp-page\" data-elementor-id=\"827\" class=\"elementor elementor-827 elementor-649\">\n\t\t\t\t\t\t<section class=\"elementor-section elementor-top-section elementor-element elementor-element-2986fdf elementor-section-height-min-height elementor-section-content-bottom elementor-section-boxed elementor-section-height-default elementor-section-items-middle\" data-id=\"2986fdf\" data-element_type=\"section\" data-e-type=\"section\" data-settings=\"{&quot;background_background&quot;:&quot;slideshow&quot;,&quot;background_slideshow_gallery&quot;:[{&quot;id&quot;:652,&quot;url&quot;:&quot;https:\\\/\\\/askal.lu\\\/wp-content\\\/uploads\\\/2023\\\/09\\\/Heizungsmonteur.jpg&quot;}],&quot;background_slideshow_loop&quot;:&quot;yes&quot;,&quot;background_slideshow_slide_duration&quot;:5000,&quot;background_slideshow_slide_transition&quot;:&quot;fade&quot;,&quot;background_slideshow_transition_duration&quot;:500}\">\n\t\t\t\t\t\t<div class=\"elementor-container elementor-column-gap-default\">\n\t\t\t\t\t<div class=\"elementor-column elementor-col-50 elementor-top-column elementor-element elementor-element-78cb2b1\" data-id=\"78cb2b1\" data-element_type=\"column\" data-e-type=\"column\">\n\t\t\t<div class=\"elementor-widget-wrap\">\n\t\t\t\t\t\t\t<\/div>\n\t\t<\/div>\n\t\t\t\t<div class=\"elementor-column elementor-col-50 elementor-top-column elementor-element elementor-element-c730a12\" data-id=\"c730a12\" data-element_type=\"column\" data-e-type=\"column\">\n\t\t\t<div class=\"elementor-widget-wrap elementor-element-populated\">\n\t\t\t\t\t\t<div class=\"elementor-element elementor-element-c063daf elementor-widget elementor-widget-heading\" data-id=\"c063daf\" data-element_type=\"widget\" data-e-type=\"widget\" data-widget_type=\"heading.default\">\n\t\t\t\t<div class=\"elementor-widget-container\">\n\t\t\t\t\t<h2 class=\"elementor-heading-title elementor-size-default\">Jobs chez ASKAL<\/h2>\t\t\t\t<\/div>\n\t\t\t\t<\/div>\n\t\t\t\t\t<\/div>\n\t\t<\/div>\n\t\t\t\t\t<\/div>\n\t\t<\/section>\n\t\t\t\t<section class=\"elementor-section elementor-top-section elementor-element elementor-element-fbe381f elementor-section-boxed elementor-section-height-default elementor-section-height-default\" data-id=\"fbe381f\" data-element_type=\"section\" data-e-type=\"section\">\n\t\t\t\t\t\t<div class=\"elementor-container elementor-column-gap-default\">\n\t\t\t\t\t<div class=\"elementor-column elementor-col-100 elementor-top-column elementor-element elementor-element-14fc3e5\" data-id=\"14fc3e5\" data-element_type=\"column\" data-e-type=\"column\">\n\t\t\t<div class=\"elementor-widget-wrap elementor-element-populated\">\n\t\t\t\t\t\t<div class=\"elementor-element elementor-element-7311bd1 elementor-widget elementor-widget-heading\" data-id=\"7311bd1\" data-element_type=\"widget\" data-e-type=\"widget\" data-widget_type=\"heading.default\">\n\t\t\t\t<div class=\"elementor-widget-container\">\n\t\t\t\t\t<h1 class=\"elementor-heading-title elementor-size-default\">Jobs<\/h1>\t\t\t\t<\/div>\n\t\t\t\t<\/div>\n\t\t\t\t\t<\/div>\n\t\t<\/div>\n\t\t\t\t\t<\/div>\n\t\t<\/section>\n\t\t\t\t<section class=\"elementor-section elementor-top-section elementor-element elementor-element-2869f74 elementor-section-boxed elementor-section-height-default elementor-section-height-default\" data-id=\"2869f74\" data-element_type=\"section\" data-e-type=\"section\">\n\t\t\t\t\t\t<div class=\"elementor-container elementor-column-gap-default\">\n\t\t\t\t\t<div class=\"elementor-column elementor-col-100 elementor-top-column elementor-element elementor-element-9cdc086\" data-id=\"9cdc086\" data-element_type=\"column\" data-e-type=\"column\">\n\t\t\t<div class=\"elementor-widget-wrap elementor-element-populated\">\n\t\t\t\t\t\t<div class=\"elementor-element elementor-element-64c133a elementor-widget-divider--view-line_icon elementor-view-default elementor-widget-divider--element-align-center elementor-widget elementor-widget-divider\" data-id=\"64c133a\" data-element_type=\"widget\" data-e-type=\"widget\" data-widget_type=\"divider.default\">\n\t\t\t\t<div class=\"elementor-widget-container\">\n\t\t\t\t\t\t\t<div class=\"elementor-divider\">\n\t\t\t<span class=\"elementor-divider-separator\">\n\t\t\t\t\t\t\t<div class=\"elementor-icon elementor-divider__element\">\n\t\t\t\t\t<i aria-hidden=\"true\" class=\"fas fa-fire\"><\/i><\/div>\n\t\t\t\t\t\t<\/span>\n\t\t<\/div>\n\t\t\t\t\t\t<\/div>\n\t\t\t\t<\/div>\n\t\t\t\t\t<\/div>\n\t\t<\/div>\n\t\t\t\t\t<\/div>\n\t\t<\/section>\n\t\t\t\t<section class=\"elementor-section elementor-top-section elementor-element elementor-element-d8f76eb elementor-section-boxed elementor-section-height-default elementor-section-height-default\" data-id=\"d8f76eb\" data-element_type=\"section\" data-e-type=\"section\">\n\t\t\t\t\t\t<div class=\"elementor-container elementor-column-gap-default\">\n\t\t\t\t\t<div class=\"elementor-column elementor-col-50 elementor-top-column elementor-element elementor-element-86b3393\" data-id=\"86b3393\" data-element_type=\"column\" data-e-type=\"column\">\n\t\t\t<div class=\"elementor-widget-wrap elementor-element-populated\">\n\t\t\t\t\t\t<div class=\"elementor-element elementor-element-6702ec7 elementor-widget elementor-widget-image\" data-id=\"6702ec7\" data-element_type=\"widget\" data-e-type=\"widget\" data-widget_type=\"image.default\">\n\t\t\t\t<div class=\"elementor-widget-container\">\n\t\t\t\t\t\t\t\t\t\t\t\t\t\t\t<img fetchpriority=\"high\" decoding=\"async\" width=\"678\" height=\"1024\" src=\"https:\/\/askal.lu\/wp-content\/uploads\/2023\/12\/Bildschirmfoto-2023-12-11-um-15.14.45-678x1024.jpg\" class=\"attachment-large size-large wp-image-1234\" alt=\"\" srcset=\"https:\/\/askal.lu\/wp-content\/uploads\/2023\/12\/Bildschirmfoto-2023-12-11-um-15.14.45-678x1024.jpg 678w, https:\/\/askal.lu\/wp-content\/uploads\/2023\/12\/Bildschirmfoto-2023-12-11-um-15.14.45-199x300.jpg 199w, https:\/\/askal.lu\/wp-content\/uploads\/2023\/12\/Bildschirmfoto-2023-12-11-um-15.14.45-768x1160.jpg 768w, https:\/\/askal.lu\/wp-content\/uploads\/2023\/12\/Bildschirmfoto-2023-12-11-um-15.14.45-1017x1536.jpg 1017w, https:\/\/askal.lu\/wp-content\/uploads\/2023\/12\/Bildschirmfoto-2023-12-11-um-15.14.45-1356x2048.jpg 1356w, https:\/\/askal.lu\/wp-content\/uploads\/2023\/12\/Bildschirmfoto-2023-12-11-um-15.14.45-scaled.jpg 1695w\" sizes=\"(max-width: 678px) 100vw, 678px\" \/>\t\t\t\t\t\t\t\t\t\t\t\t\t\t\t<\/div>\n\t\t\t\t<\/div>\n\t\t\t\t\t<\/div>\n\t\t<\/div>\n\t\t\t\t<div class=\"elementor-column elementor-col-50 elementor-top-column elementor-element elementor-element-e8b1a81\" data-id=\"e8b1a81\" data-element_type=\"column\" data-e-type=\"column\">\n\t\t\t<div class=\"elementor-widget-wrap elementor-element-populated\">\n\t\t\t\t\t\t<div class=\"elementor-element elementor-element-1e510f2 elementor-widget elementor-widget-text-editor\" data-id=\"1e510f2\" data-element_type=\"widget\" data-e-type=\"widget\" data-widget_type=\"text-editor.default\">\n\t\t\t\t<div class=\"elementor-widget-container\">\n\t\t\t\t\t\t\t\t\t<h2><span style=\"color: #99cc00;\">Mir sichen eng \u00c9quipe!<\/span><\/h2><p>Nous sommes \u00e0 la recherche de<\/p><h3><span style=\"color: #95c03b;\">Monteurs (peu importe le sexe, la comp\u00e9tence compte !)<\/span><\/h3><p>pour des installations de mazout, de gaz, de pellets, de pompes \u00e0 chaleur et de sanitaires.<\/p><h3><span style=\"color: #99cc00;\">Volontiers aussi en bin\u00f4me \u00e9prouv\u00e9 !<\/span><\/h3><p>Nous avons besoin de collaborateurs parlant<strong> le luxembourgeois<\/strong> et <strong>l&rsquo;allemand<\/strong>, le fran\u00e7ais est un avantage absolu.<\/p><p>Tu es autonome, flexible et capable de travailler en \u00e9quipe ? Excellent !<\/p><p>Un <strong>permis de conduire<\/strong> est \u00e9galement important.<\/p>\t\t\t\t\t\t\t\t<\/div>\n\t\t\t\t<\/div>\n\t\t\t\t<div class=\"elementor-element elementor-element-7aa5ed1 elementor-widget-divider--view-line_icon elementor-view-default elementor-widget-divider--element-align-center elementor-widget elementor-widget-divider\" data-id=\"7aa5ed1\" data-element_type=\"widget\" data-e-type=\"widget\" data-widget_type=\"divider.default\">\n\t\t\t\t<div class=\"elementor-widget-container\">\n\t\t\t\t\t\t\t<div class=\"elementor-divider\">\n\t\t\t<span class=\"elementor-divider-separator\">\n\t\t\t\t\t\t\t<div class=\"elementor-icon elementor-divider__element\">\n\t\t\t\t\t<i aria-hidden=\"true\" class=\"fas fa-fire\"><\/i><\/div>\n\t\t\t\t\t\t<\/span>\n\t\t<\/div>\n\t\t\t\t\t\t<\/div>\n\t\t\t\t<\/div>\n\t\t\t\t<div class=\"elementor-element elementor-element-947647e elementor-widget elementor-widget-text-editor\" data-id=\"947647e\" data-element_type=\"widget\" data-e-type=\"widget\" data-widget_type=\"text-editor.default\">\n\t\t\t\t<div class=\"elementor-widget-container\">\n\t\t\t\t\t\t\t\t\t<h3><span class=\"--l --r sentence_highlight\" style=\"color: #95c03b;\">Alors, pose ta candidature chez nous !<\/span><\/h3><p><span style=\"color: #000000;\"><strong><span class=\"--l --r sentence_highlight\">Tu peux aussi nous envoyer un e-mail \u00e0 info@askal.lu !<\/span><\/strong><\/span><\/p>\t\t\t\t\t\t\t\t<\/div>\n\t\t\t\t<\/div>\n\t\t\t\t\t<\/div>\n\t\t<\/div>\n\t\t\t\t\t<\/div>\n\t\t<\/section>\n\t\t\t\t<section class=\"elementor-section elementor-top-section elementor-element elementor-element-585b218 elementor-section-boxed elementor-section-height-default elementor-section-height-default\" data-id=\"585b218\" data-element_type=\"section\" data-e-type=\"section\">\n\t\t\t\t\t\t<div class=\"elementor-container elementor-column-gap-default\">\n\t\t\t\t\t<div class=\"elementor-column elementor-col-100 elementor-top-column elementor-element elementor-element-01f06e3\" data-id=\"01f06e3\" data-element_type=\"column\" data-e-type=\"column\">\n\t\t\t<div class=\"elementor-widget-wrap elementor-element-populated\">\n\t\t\t\t\t\t<div class=\"elementor-element elementor-element-81e56bb elementor-widget-divider--view-line_icon elementor-view-default elementor-widget-divider--element-align-center elementor-widget elementor-widget-divider\" data-id=\"81e56bb\" data-element_type=\"widget\" data-e-type=\"widget\" data-widget_type=\"divider.default\">\n\t\t\t\t<div class=\"elementor-widget-container\">\n\t\t\t\t\t\t\t<div class=\"elementor-divider\">\n\t\t\t<span class=\"elementor-divider-separator\">\n\t\t\t\t\t\t\t<div class=\"elementor-icon elementor-divider__element\">\n\t\t\t\t\t<i aria-hidden=\"true\" class=\"fas fa-fire\"><\/i><\/div>\n\t\t\t\t\t\t<\/span>\n\t\t<\/div>\n\t\t\t\t\t\t<\/div>\n\t\t\t\t<\/div>\n\t\t\t\t\t<\/div>\n\t\t<\/div>\n\t\t\t\t\t<\/div>\n\t\t<\/section>\n\t\t\t\t<section class=\"elementor-section elementor-top-section elementor-element elementor-element-1810bc8 elementor-section-boxed elementor-section-height-default elementor-section-height-default\" data-id=\"1810bc8\" data-element_type=\"section\" data-e-type=\"section\">\n\t\t\t\t\t\t<div class=\"elementor-container elementor-column-gap-default\">\n\t\t\t\t\t<div class=\"elementor-column elementor-col-50 elementor-top-column elementor-element elementor-element-5a563bc\" data-id=\"5a563bc\" data-element_type=\"column\" data-e-type=\"column\">\n\t\t\t<div class=\"elementor-widget-wrap elementor-element-populated\">\n\t\t\t\t\t\t<div class=\"elementor-element elementor-element-2cf6e2c elementor-widget elementor-widget-image\" data-id=\"2cf6e2c\" data-element_type=\"widget\" data-e-type=\"widget\" data-widget_type=\"image.default\">\n\t\t\t\t<div class=\"elementor-widget-container\">\n\t\t\t\t\t\t\t\t\t\t\t\t\t\t\t<img decoding=\"async\" width=\"768\" height=\"1024\" src=\"https:\/\/askal.lu\/wp-content\/uploads\/2023\/09\/Monteurin_web-768x1024.jpg\" class=\"attachment-large size-large wp-image-655\" alt=\"jobs\" srcset=\"https:\/\/askal.lu\/wp-content\/uploads\/2023\/09\/Monteurin_web-768x1024.jpg 768w, https:\/\/askal.lu\/wp-content\/uploads\/2023\/09\/Monteurin_web-225x300.jpg 225w, https:\/\/askal.lu\/wp-content\/uploads\/2023\/09\/Monteurin_web-1152x1536.jpg 1152w, https:\/\/askal.lu\/wp-content\/uploads\/2023\/09\/Monteurin_web-1536x2048.jpg 1536w, https:\/\/askal.lu\/wp-content\/uploads\/2023\/09\/Monteurin_web.jpg 1800w\" sizes=\"(max-width: 768px) 100vw, 768px\" \/>\t\t\t\t\t\t\t\t\t\t\t\t\t\t\t<\/div>\n\t\t\t\t<\/div>\n\t\t\t\t\t<\/div>\n\t\t<\/div>\n\t\t\t\t<div class=\"elementor-column elementor-col-50 elementor-top-column elementor-element elementor-element-b162549\" data-id=\"b162549\" data-element_type=\"column\" data-e-type=\"column\">\n\t\t\t<div class=\"elementor-widget-wrap elementor-element-populated\">\n\t\t\t\t\t\t<div class=\"elementor-element elementor-element-bc94dbd elementor-widget elementor-widget-text-editor\" data-id=\"bc94dbd\" data-element_type=\"widget\" data-e-type=\"widget\" data-widget_type=\"text-editor.default\">\n\t\t\t\t<div class=\"elementor-widget-container\">\n\t\t\t\t\t\t\t\t\t<h2><span class=\"--l --r sentence_highlight\" style=\"color: #95c03b;\">Tu sais chauffage ?<\/span><\/h2>\n<p><span class=\"--l --r sentence_highlight\">Alors, pose ta candidature chez nous en tant que monteur \u00e0 temps plein.<\/span><\/p>\n<h3><span class=\"--l --r sentence_highlight\" style=\"color: #95c03b;\"><span class=\"--l --r hover:bg-[#B4DAE8]\">Monteur<\/span> <span class=\"--l --r hover:bg-[#B4DAE8]\">(<\/span><span class=\"--l --r hover:bg-[#B4DAE8]\">m<\/span><span class=\"--l --r hover:bg-[#B4DAE8]\">\/<\/span><span class=\"--l --r hover:bg-[#B4DAE8]\">f\/d<\/span><span class=\"--l --r hover:bg-[#B4DAE8]\">)<\/span><\/span><\/h3>\n<p><span class=\"--l --r sentence_highlight\">pour des installations de mazout, de gaz, de pellets, de pompes \u00e0 chaleur et de sanitaires.<\/span><\/p>\n<p><span class=\"--l --r sentence_highlight\">Nous avons besoin de collaborateurs parlant le <strong>luxembourgeois<\/strong> et l&rsquo;<strong>allemand<\/strong>, le fran\u00e7ais est un avantage absolu.<\/span><\/p>\n<p><span class=\"--l --r sentence_highlight\">Tu es autonome, flexible et capable de travailler en \u00e9quipe ? <\/span><span class=\"--l --r sentence_highlight\"><span class=\"--l --r hover:bg-[#B4DAE8]\">Excellent<\/span> <span class=\"--l --r hover:bg-[#B4DAE8]\">!<\/span><\/span><\/p>\n<p><span class=\"--l --r sentence_highlight\">Un <strong>permis de conduire<\/strong> est \u00e9galement important.<\/span><\/p>\n\t\t\t\t\t\t\t\t<\/div>\n\t\t\t\t<\/div>\n\t\t\t\t<div class=\"elementor-element elementor-element-d534f71 elementor-widget-divider--view-line_icon elementor-view-default elementor-widget-divider--element-align-center elementor-widget elementor-widget-divider\" data-id=\"d534f71\" data-element_type=\"widget\" data-e-type=\"widget\" data-widget_type=\"divider.default\">\n\t\t\t\t<div class=\"elementor-widget-container\">\n\t\t\t\t\t\t\t<div class=\"elementor-divider\">\n\t\t\t<span class=\"elementor-divider-separator\">\n\t\t\t\t\t\t\t<div class=\"elementor-icon elementor-divider__element\">\n\t\t\t\t\t<i aria-hidden=\"true\" class=\"fas fa-fire\"><\/i><\/div>\n\t\t\t\t\t\t<\/span>\n\t\t<\/div>\n\t\t\t\t\t\t<\/div>\n\t\t\t\t<\/div>\n\t\t\t\t<div class=\"elementor-element elementor-element-18d1393 elementor-widget elementor-widget-text-editor\" data-id=\"18d1393\" data-element_type=\"widget\" data-e-type=\"widget\" data-widget_type=\"text-editor.default\">\n\t\t\t\t<div class=\"elementor-widget-container\">\n\t\t\t\t\t\t\t\t\t<h3><span class=\"--l --r sentence_highlight\" style=\"color: #95c03b;\">Alors, pose ta candidature chez nous !<\/span><\/h3><p><strong><span class=\"--l --r sentence_highlight\">Tu peux aussi nous envoyer un e-mail \u00e0 info@askal.lu !<\/span><\/strong><\/p>\t\t\t\t\t\t\t\t<\/div>\n\t\t\t\t<\/div>\n\t\t\t\t\t<\/div>\n\t\t<\/div>\n\t\t\t\t\t<\/div>\n\t\t<\/section>\n\t\t\t\t<\/div>\n\t\t","protected":false},"excerpt":{"rendered":"<p>Jobs chez ASKAL Jobs Mir sichen eng \u00c9quipe! Nous sommes \u00e0 la recherche de Monteurs (peu importe le sexe, la comp\u00e9tence compte !) pour des installations de mazout, de gaz, de pellets, de pompes \u00e0 chaleur et de sanitaires. Volontiers aussi en bin\u00f4me \u00e9prouv\u00e9 ! Nous avons besoin de collaborateurs parlant le luxembourgeois et l&rsquo;allemand,&hellip;&nbsp;<a href=\"https:\/\/askal.lu\/fr\/jobs\/\" rel=\"bookmark\">Lire la suite &raquo;<span class=\"screen-reader-text\">Jobs<\/span><\/a><\/p>\n","protected":false},"author":2,"featured_media":0,"parent":0,"menu_order":0,"comment_status":"closed","ping_status":"closed","template":"page-templates\/template-pagebuilder-full-width.php","meta":{"neve_meta_sidebar":"","neve_meta_container":"","neve_meta_enable_content_width":"","neve_meta_content_width":0,"neve_meta_title_alignment":"","neve_meta_author_avatar":"","neve_post_elements_order":"","neve_meta_disable_header":"","neve_meta_disable_footer":"","neve_meta_disable_title":"","footnotes":""},"class_list":["post-827","page","type-page","status-publish","hentry"],"_links":{"self":[{"href":"https:\/\/askal.lu\/fr\/wp-json\/wp\/v2\/pages\/827","targetHints":{"allow":["GET"]}}],"collection":[{"href":"https:\/\/askal.lu\/fr\/wp-json\/wp\/v2\/pages"}],"about":[{"href":"https:\/\/askal.lu\/fr\/wp-json\/wp\/v2\/types\/page"}],"author":[{"embeddable":true,"href":"https:\/\/askal.lu\/fr\/wp-json\/wp\/v2\/users\/2"}],"replies":[{"embeddable":true,"href":"https:\/\/askal.lu\/fr\/wp-json\/wp\/v2\/comments?post=827"}],"version-history":[{"count":9,"href":"https:\/\/askal.lu\/fr\/wp-json\/wp\/v2\/pages\/827\/revisions"}],"predecessor-version":[{"id":1240,"href":"https:\/\/askal.lu\/fr\/wp-json\/wp\/v2\/pages\/827\/revisions\/1240"}],"wp:attachment":[{"href":"https:\/\/askal.lu\/fr\/wp-json\/wp\/v2\/media?parent=827"}],"curies":[{"name":"wp","href":"https:\/\/api.w.org\/{rel}","templated":true}]}}