{"id":822,"date":"2023-08-19T21:10:51","date_gmt":"2023-08-19T19:10:51","guid":{"rendered":"https:\/\/askal.lu\/chauffage\/"},"modified":"2025-12-08T13:31:15","modified_gmt":"2025-12-08T12:31:15","slug":"chauffage","status":"publish","type":"page","link":"https:\/\/askal.lu\/fr\/chauffage\/","title":{"rendered":"Chauffage"},"content":{"rendered":"\t\t<div data-elementor-type=\"wp-page\" data-elementor-id=\"822\" class=\"elementor elementor-822 elementor-342\">\n\t\t\t\t\t\t<section class=\"elementor-section elementor-top-section elementor-element elementor-element-2986fdf elementor-section-height-min-height elementor-section-content-middle elementor-section-boxed elementor-section-height-default elementor-section-items-middle\" data-id=\"2986fdf\" data-element_type=\"section\" data-e-type=\"section\" data-settings=\"{&quot;background_background&quot;:&quot;slideshow&quot;,&quot;background_slideshow_gallery&quot;:[{&quot;id&quot;:50,&quot;url&quot;:&quot;https:\\\/\\\/askal.lu\\\/wp-content\\\/uploads\\\/2023\\\/08\\\/Heizung_2-e1692950723596.jpg&quot;}],&quot;background_slideshow_loop&quot;:&quot;yes&quot;,&quot;background_slideshow_slide_duration&quot;:5000,&quot;background_slideshow_slide_transition&quot;:&quot;fade&quot;,&quot;background_slideshow_transition_duration&quot;:500}\">\n\t\t\t\t\t\t<div class=\"elementor-container elementor-column-gap-default\">\n\t\t\t\t\t<div class=\"elementor-column elementor-col-50 elementor-top-column elementor-element elementor-element-78cb2b1\" data-id=\"78cb2b1\" data-element_type=\"column\" data-e-type=\"column\">\n\t\t\t<div class=\"elementor-widget-wrap\">\n\t\t\t\t\t\t\t<\/div>\n\t\t<\/div>\n\t\t\t\t<div class=\"elementor-column elementor-col-50 elementor-top-column elementor-element elementor-element-c730a12\" data-id=\"c730a12\" data-element_type=\"column\" data-e-type=\"column\">\n\t\t\t<div class=\"elementor-widget-wrap elementor-element-populated\">\n\t\t\t\t\t\t<div class=\"elementor-element elementor-element-c063daf elementor-widget elementor-widget-heading\" data-id=\"c063daf\" data-element_type=\"widget\" data-e-type=\"widget\" data-widget_type=\"heading.default\">\n\t\t\t\t<div class=\"elementor-widget-container\">\n\t\t\t\t\t<h2 class=\"elementor-heading-title elementor-size-default\">Chaleur confortable<\/h2>\t\t\t\t<\/div>\n\t\t\t\t<\/div>\n\t\t\t\t\t<\/div>\n\t\t<\/div>\n\t\t\t\t\t<\/div>\n\t\t<\/section>\n\t\t\t\t<section class=\"elementor-section elementor-top-section elementor-element elementor-element-fbe381f elementor-section-boxed elementor-section-height-default elementor-section-height-default\" data-id=\"fbe381f\" data-element_type=\"section\" data-e-type=\"section\">\n\t\t\t\t\t\t<div class=\"elementor-container elementor-column-gap-default\">\n\t\t\t\t\t<div class=\"elementor-column elementor-col-100 elementor-top-column elementor-element elementor-element-14fc3e5\" data-id=\"14fc3e5\" data-element_type=\"column\" data-e-type=\"column\">\n\t\t\t<div class=\"elementor-widget-wrap elementor-element-populated\">\n\t\t\t\t\t\t<div class=\"elementor-element elementor-element-7311bd1 elementor-widget elementor-widget-heading\" data-id=\"7311bd1\" data-element_type=\"widget\" data-e-type=\"widget\" data-widget_type=\"heading.default\">\n\t\t\t\t<div class=\"elementor-widget-container\">\n\t\t\t\t\t<h1 class=\"elementor-heading-title elementor-size-default\">Types de chauffage<\/h1>\t\t\t\t<\/div>\n\t\t\t\t<\/div>\n\t\t\t\t\t<\/div>\n\t\t<\/div>\n\t\t\t\t\t<\/div>\n\t\t<\/section>\n\t\t\t\t<section class=\"elementor-section elementor-top-section elementor-element elementor-element-fca7cdc elementor-section-boxed elementor-section-height-default elementor-section-height-default\" data-id=\"fca7cdc\" data-element_type=\"section\" data-e-type=\"section\">\n\t\t\t\t\t\t<div class=\"elementor-container elementor-column-gap-default\">\n\t\t\t\t\t<div class=\"elementor-column elementor-col-33 elementor-top-column elementor-element elementor-element-9d18786\" data-id=\"9d18786\" data-element_type=\"column\" data-e-type=\"column\">\n\t\t\t<div class=\"elementor-widget-wrap elementor-element-populated\">\n\t\t\t\t\t\t<div class=\"elementor-element elementor-element-f873841 elementor-widget elementor-widget-image\" data-id=\"f873841\" data-element_type=\"widget\" data-e-type=\"widget\" data-widget_type=\"image.default\">\n\t\t\t\t<div class=\"elementor-widget-container\">\n\t\t\t\t\t\t\t\t\t\t\t\t\t\t\t<img fetchpriority=\"high\" decoding=\"async\" width=\"955\" height=\"955\" src=\"https:\/\/askal.lu\/wp-content\/uploads\/2023\/10\/Sonne.jpg\" class=\"attachment-large size-large wp-image-682\" alt=\"Heizung Chauffage\" srcset=\"https:\/\/askal.lu\/wp-content\/uploads\/2023\/10\/Sonne.jpg 955w, https:\/\/askal.lu\/wp-content\/uploads\/2023\/10\/Sonne-300x300.jpg 300w, https:\/\/askal.lu\/wp-content\/uploads\/2023\/10\/Sonne-150x150.jpg 150w, https:\/\/askal.lu\/wp-content\/uploads\/2023\/10\/Sonne-768x768.jpg 768w\" sizes=\"(max-width: 955px) 100vw, 955px\" \/>\t\t\t\t\t\t\t\t\t\t\t\t\t\t\t<\/div>\n\t\t\t\t<\/div>\n\t\t\t\t<div class=\"elementor-element elementor-element-61e282b elementor-widget elementor-widget-heading\" data-id=\"61e282b\" data-element_type=\"widget\" data-e-type=\"widget\" data-widget_type=\"heading.default\">\n\t\t\t\t<div class=\"elementor-widget-container\">\n\t\t\t\t\t<h4 class=\"elementor-heading-title elementor-size-default\"><a href=\"https:\/\/askal.lu\/fr\/energies-renouvelables\/\">M\u00e9thodes de chauffage r\u00e9g\u00e9n\u00e9ratives <\/a><\/h4>\t\t\t\t<\/div>\n\t\t\t\t<\/div>\n\t\t\t\t\t<\/div>\n\t\t<\/div>\n\t\t\t\t<div class=\"elementor-column elementor-col-33 elementor-top-column elementor-element elementor-element-6491c45\" data-id=\"6491c45\" data-element_type=\"column\" data-e-type=\"column\">\n\t\t\t<div class=\"elementor-widget-wrap elementor-element-populated\">\n\t\t\t\t\t\t<div class=\"elementor-element elementor-element-24716ff elementor-widget elementor-widget-image\" data-id=\"24716ff\" data-element_type=\"widget\" data-e-type=\"widget\" data-widget_type=\"image.default\">\n\t\t\t\t<div class=\"elementor-widget-container\">\n\t\t\t\t\t\t\t\t\t\t\t\t\t\t\t<img decoding=\"async\" width=\"1024\" height=\"1024\" src=\"https:\/\/askal.lu\/wp-content\/uploads\/2023\/08\/Heizung-quadrat-1024x1024.jpg\" class=\"attachment-large size-large wp-image-120\" alt=\"\" srcset=\"https:\/\/askal.lu\/wp-content\/uploads\/2023\/08\/Heizung-quadrat-1024x1024.jpg 1024w, https:\/\/askal.lu\/wp-content\/uploads\/2023\/08\/Heizung-quadrat-300x300.jpg 300w, https:\/\/askal.lu\/wp-content\/uploads\/2023\/08\/Heizung-quadrat-150x150.jpg 150w, https:\/\/askal.lu\/wp-content\/uploads\/2023\/08\/Heizung-quadrat-768x768.jpg 768w, https:\/\/askal.lu\/wp-content\/uploads\/2023\/08\/Heizung-quadrat-1536x1536.jpg 1536w, https:\/\/askal.lu\/wp-content\/uploads\/2023\/08\/Heizung-quadrat.jpg 1979w\" sizes=\"(max-width: 1024px) 100vw, 1024px\" \/>\t\t\t\t\t\t\t\t\t\t\t\t\t\t\t<\/div>\n\t\t\t\t<\/div>\n\t\t\t\t<div class=\"elementor-element elementor-element-3466d2e elementor-widget elementor-widget-heading\" data-id=\"3466d2e\" data-element_type=\"widget\" data-e-type=\"widget\" data-widget_type=\"heading.default\">\n\t\t\t\t<div class=\"elementor-widget-container\">\n\t\t\t\t\t<h4 class=\"elementor-heading-title elementor-size-default\"><a href=\"https:\/\/askal.lu\/fr\/chauffage-au-gaz\/\">Chauffage au gaz<\/a><\/h4>\t\t\t\t<\/div>\n\t\t\t\t<\/div>\n\t\t\t\t\t<\/div>\n\t\t<\/div>\n\t\t\t\t<div class=\"elementor-column elementor-col-33 elementor-top-column elementor-element elementor-element-c60c9da\" data-id=\"c60c9da\" data-element_type=\"column\" data-e-type=\"column\">\n\t\t\t<div class=\"elementor-widget-wrap elementor-element-populated\">\n\t\t\t\t\t\t<div class=\"elementor-element elementor-element-f386a52 elementor-widget elementor-widget-image\" data-id=\"f386a52\" data-element_type=\"widget\" data-e-type=\"widget\" data-widget_type=\"image.default\">\n\t\t\t\t<div class=\"elementor-widget-container\">\n\t\t\t\t\t\t\t\t\t\t\t\t\t\t\t<img decoding=\"async\" width=\"1320\" height=\"1320\" src=\"https:\/\/askal.lu\/wp-content\/uploads\/2023\/10\/KatzeHeizung.jpg\" class=\"attachment-2048x2048 size-2048x2048 wp-image-690\" alt=\"\" srcset=\"https:\/\/askal.lu\/wp-content\/uploads\/2023\/10\/KatzeHeizung.jpg 1320w, https:\/\/askal.lu\/wp-content\/uploads\/2023\/10\/KatzeHeizung-300x300.jpg 300w, https:\/\/askal.lu\/wp-content\/uploads\/2023\/10\/KatzeHeizung-1024x1024.jpg 1024w, https:\/\/askal.lu\/wp-content\/uploads\/2023\/10\/KatzeHeizung-150x150.jpg 150w, https:\/\/askal.lu\/wp-content\/uploads\/2023\/10\/KatzeHeizung-768x768.jpg 768w\" sizes=\"(max-width: 1320px) 100vw, 1320px\" \/>\t\t\t\t\t\t\t\t\t\t\t\t\t\t\t<\/div>\n\t\t\t\t<\/div>\n\t\t\t\t<div class=\"elementor-element elementor-element-ba9629a elementor-widget elementor-widget-heading\" data-id=\"ba9629a\" data-element_type=\"widget\" data-e-type=\"widget\" data-widget_type=\"heading.default\">\n\t\t\t\t<div class=\"elementor-widget-container\">\n\t\t\t\t\t<h4 class=\"elementor-heading-title elementor-size-default\"><a href=\"https:\/\/askal.lu\/oelheizung\/\">Chauffage au mazout<\/a><\/h4>\t\t\t\t<\/div>\n\t\t\t\t<\/div>\n\t\t\t\t\t<\/div>\n\t\t<\/div>\n\t\t\t\t\t<\/div>\n\t\t<\/section>\n\t\t\t\t<section class=\"elementor-section elementor-top-section elementor-element elementor-element-48e0685 elementor-section-boxed elementor-section-height-default elementor-section-height-default\" data-id=\"48e0685\" data-element_type=\"section\" data-e-type=\"section\" data-settings=\"{&quot;background_background&quot;:&quot;classic&quot;}\">\n\t\t\t\t\t\t<div class=\"elementor-container elementor-column-gap-default\">\n\t\t\t\t\t<div class=\"elementor-column elementor-col-100 elementor-top-column elementor-element elementor-element-e3eb91b\" data-id=\"e3eb91b\" data-element_type=\"column\" data-e-type=\"column\">\n\t\t\t<div class=\"elementor-widget-wrap elementor-element-populated\">\n\t\t\t\t\t\t<div class=\"elementor-element elementor-element-4e5017c elementor-widget elementor-widget-text-editor\" data-id=\"4e5017c\" data-element_type=\"widget\" data-e-type=\"widget\" data-widget_type=\"text-editor.default\">\n\t\t\t\t<div class=\"elementor-widget-container\">\n\t\t\t\t\t\t\t\t\t<h3 style=\"text-align: center;\"><span style=\"color: #000000;\"><strong><span class=\"--l --r sentence_highlight\">Vous \u00eates int\u00e9ress\u00e9(e) par un conseil ?<br \/><\/span><span class=\"--l --r sentence_highlight\">Alors, n&rsquo;h\u00e9sitez pas \u00e0 nous contacter !<\/span><\/strong><\/span><\/h3><p style=\"text-align: center;\"><span style=\"color: #000000;\">Veuillez noter que nous ne consultons pas nos e-mails en dehors des heures d&rsquo;ouverture.<\/span><br \/><span style=\"color: #000000;\">Si vous souhaitez <strong>joindre notre service d&rsquo;urgence<\/strong>, veuillez nous <strong>appeler au +352 72 92 55-1<\/strong> afin que nous puissions vous aider.<\/span><\/p>\t\t\t\t\t\t\t\t<\/div>\n\t\t\t\t<\/div>\n\t\t\t\t<div class=\"elementor-element elementor-element-311a993 elementor-widget elementor-widget-shortcode\" data-id=\"311a993\" data-element_type=\"widget\" data-e-type=\"widget\" data-widget_type=\"shortcode.default\">\n\t\t\t\t<div class=\"elementor-widget-container\">\n\t\t\t\t\t\t\t<div class=\"elementor-shortcode\"><div class=\"frm_forms  with_frm_style frm_style_formidable-stil\" id=\"frm_form_6_container\" data-token=\"9545e68e512e113dc4bebc0bb5500903\">\n<form enctype=\"multipart\/form-data\" method=\"post\" class=\"frm-show-form \" id=\"form_kontakt-d2\" data-token=\"9545e68e512e113dc4bebc0bb5500903\">\n<div class=\"frm_form_fields \">\n<fieldset>\n<legend class=\"frm_screen_reader\">Contact FR<\/legend>\r\n\r\n<div class=\"frm_fields_container\">\n<input type=\"hidden\" name=\"frm_action\" value=\"create\" \/>\n<input type=\"hidden\" name=\"form_id\" value=\"6\" \/>\n<input type=\"hidden\" name=\"frm_hide_fields_6\" id=\"frm_hide_fields_6\" value=\"\" \/>\n<input type=\"hidden\" name=\"form_key\" value=\"kontakt-d2\" \/>\n<input type=\"hidden\" name=\"item_meta[0]\" value=\"\" \/>\n<input type=\"hidden\" id=\"frm_submit_entry_6\" name=\"frm_submit_entry_6\" value=\"88d9b6eb46\" \/><input type=\"hidden\" name=\"_wp_http_referer\" value=\"\/fr\/wp-json\/wp\/v2\/pages\/822\" \/><div id=\"frm_field_48_container\" class=\"frm_form_field form-field  frm_top_container frm3 frm_first\">\r\n\t<label for=\"field_bw38n2\" id=\"field_bw38n2_label\" class=\"frm_primary_label\">Civilit\u00e9\r\n\t\t<span class=\"frm_required\" aria-hidden=\"true\"><\/span>\r\n\t<\/label>\r\n\t<input type=\"text\" id=\"field_bw38n2\" name=\"item_meta[48]\" value=\"\"  data-invmsg=\"Civilit\u00e9 ist ung\u00fcltig\" aria-invalid=\"false\"  \/>\r\n\t\r\n\t\r\n<\/div>\n<div id=\"frm_field_49_container\" class=\"frm_form_field form-field  frm_required_field frm_top_container frm9\">\r\n\t<div  id=\"field_rvxix2_label\" class=\"frm_primary_label\">Nom\r\n\t\t<span class=\"frm_required\" aria-hidden=\"true\">*<\/span>\r\n\t<\/div>\r\n\t<fieldset aria-labelledby=\"field_rvxix2_label\">\n\t<legend class=\"frm_screen_reader frm_hidden\">\n\t\tNom\t<\/legend>\n\n\t<div  class=\"frm_combo_inputs_container\" id=\"frm_combo_inputs_container_49\" data-name-layout=\"first_last\">\n\t\t\t\t\t<div\n\t\t\t\tid=\"frm_field_49-first_container\"\n\t\t\t\tclass=\"frm_form_field form-field frm_form_subfield-first  frm6\"\n\t\t\t\tdata-sub-field-name=\"first\"\n\t\t\t>\n\t\t\t\t<label for=\"field_rvxix2_first\" class=\"frm_screen_reader frm_hidden\">\n\t\t\t\t\tPr\u00e9nom\t\t\t\t<\/label>\n\n\t\t\t\t<input  type=\"text\" id=\"field_rvxix2_first\" value=\"\" name=\"item_meta[49][first]\" autocomplete=\"given-name\" data-reqmsg=\"Nom kann nicht leer sein.\" aria-required=\"true\" data-invmsg=\"Nom est non valide\" aria-invalid=\"false\"  \/><div class=\"frm_description\" id=\"frm_field_49_first_desc\">Pr\u00e9nom<\/div>\t\t\t<\/div>\n\t\t\t\t\t\t<div\n\t\t\t\tid=\"frm_field_49-last_container\"\n\t\t\t\tclass=\"frm_form_field form-field frm_form_subfield-last  frm6\"\n\t\t\t\tdata-sub-field-name=\"last\"\n\t\t\t>\n\t\t\t\t<label for=\"field_rvxix2_last\" class=\"frm_screen_reader frm_hidden\">\n\t\t\t\t\tNom\t\t\t\t<\/label>\n\n\t\t\t\t<input  type=\"text\" id=\"field_rvxix2_last\" value=\"\" name=\"item_meta[49][last]\" autocomplete=\"family-name\" data-reqmsg=\"Nom kann nicht leer sein.\" aria-required=\"true\" data-invmsg=\"Nom est non valide\" aria-invalid=\"false\"  \/><div class=\"frm_description\" id=\"frm_field_49_last_desc\">Nom<\/div>\t\t\t<\/div>\n\t\t\t\t<\/div>\n<\/fieldset>\n\r\n\t\r\n\t\r\n<\/div>\n<div id=\"frm_field_50_container\" class=\"frm_form_field form-field  frm_required_field frm_top_container frm6 frm_first\">\r\n\t<label for=\"field_4yztc2\" id=\"field_4yztc2_label\" class=\"frm_primary_label\">E-Mail\r\n\t\t<span class=\"frm_required\" aria-hidden=\"true\">*<\/span>\r\n\t<\/label>\r\n\t<input type=\"email\" id=\"field_4yztc2\" name=\"item_meta[50]\" value=\"\"  data-reqmsg=\"E-Mail kann nicht leer sein.\" aria-required=\"true\" data-invmsg=\"E-Mail ist ung\u00fcltig\" aria-invalid=\"false\"  \/>\r\n\t\r\n\t\r\n<\/div>\n<div id=\"frm_field_51_container\" class=\"frm_form_field form-field  frm_required_field frm_top_container frm6\">\r\n\t<label for=\"field_gjhtl2\" id=\"field_gjhtl2_label\" class=\"frm_primary_label\">T\u00e9l\u00e9phone\r\n\t\t<span class=\"frm_required\" aria-hidden=\"true\">*<\/span>\r\n\t<\/label>\r\n\t<input type=\"tel\" id=\"field_gjhtl2\" name=\"item_meta[51]\" value=\"\"  data-reqmsg=\"T\u00e9l\u00e9phone kann nicht leer sein.\" aria-required=\"true\" data-invmsg=\"T\u00e9l\u00e9phone ist ung\u00fcltig\" aria-invalid=\"false\" pattern=\"((\\+\\d{1,3}(-|.| )?\\(?\\d\\)?(-| |.)?\\d{1,5})|(\\(?\\d{2,6}\\)?))(-|.| )?(\\d{3,4})(-|.| )?(\\d{4})(( x| ext)\\d{1,5}){0,1}$\"  \/>\r\n\t\r\n\t\r\n<\/div>\n<div id=\"frm_field_52_container\" class=\"frm_form_field form-field  frm_required_field frm_top_container\">\r\n\t<label for=\"field_e7l7b2\" id=\"field_e7l7b2_label\" class=\"frm_primary_label\">Rue & N\u00b0\r\n\t\t<span class=\"frm_required\" aria-hidden=\"true\">*<\/span>\r\n\t<\/label>\r\n\t<input type=\"text\" id=\"field_e7l7b2\" name=\"item_meta[52]\" value=\"\"  data-reqmsg=\"Rue &amp; N\u00b0 kann nicht leer sein.\" aria-required=\"true\" data-invmsg=\"Rue &amp; N\u00b0 ist ung\u00fcltig\" aria-invalid=\"false\"  \/>\r\n\t\r\n\t\r\n<\/div>\n<div id=\"frm_field_53_container\" class=\"frm_form_field form-field  frm_required_field frm_top_container frm6 frm_first\">\r\n\t<label for=\"field_png2l2\" id=\"field_png2l2_label\" class=\"frm_primary_label\">B.P. & Ville\r\n\t\t<span class=\"frm_required\" aria-hidden=\"true\">*<\/span>\r\n\t<\/label>\r\n\t<input type=\"text\" id=\"field_png2l2\" name=\"item_meta[53]\" value=\"\"  data-reqmsg=\"B.P. &amp; Ville kann nicht leer sein.\" aria-required=\"true\" data-invmsg=\"B.P. &amp; Ville ist ung\u00fcltig\" aria-invalid=\"false\"  \/>\r\n\t\r\n\t\r\n<\/div>\n<div id=\"frm_field_54_container\" class=\"frm_form_field form-field  frm_required_field frm_top_container frm6\">\r\n\t<label for=\"field_teake2\" id=\"field_teake2_label\" class=\"frm_primary_label\">Pays\r\n\t\t<span class=\"frm_required\" aria-hidden=\"true\">*<\/span>\r\n\t<\/label>\r\n\t\t\t<select name=\"item_meta[54]\" id=\"field_teake2\"  data-reqmsg=\"Pays kann nicht leer sein.\" aria-required=\"true\" data-invmsg=\"Pays ist ung\u00fcltig\" aria-invalid=\"false\"  >\n\t\t<option  value=\"Luxembourg\">Luxembourg<\/option><option  value=\"Allemagne\">Allemagne<\/option><option  value=\"France\">France<\/option><option  value=\"Belgique\">Belgique<\/option>\t<\/select>\n\t\r\n\t\r\n\t\r\n<\/div>\n<div id=\"frm_field_55_container\" class=\"frm_form_field form-field  frm_top_container vertical_radio\">\r\n\t<div  id=\"field_9a7wp2_label\" class=\"frm_primary_label\">Je souhaite un\r\n\t\t<span class=\"frm_required\" aria-hidden=\"true\"><\/span>\r\n\t<\/div>\r\n\t<div class=\"frm_opt_container\" aria-labelledby=\"field_9a7wp2_label\" role=\"group\">\t\t<div class=\"frm_checkbox\" id=\"frm_checkbox_55-0\">\t\t\t<label  for=\"field_9a7wp2-0\">\n\t\t\t<input type=\"checkbox\" name=\"item_meta[55][]\" id=\"field_9a7wp2-0\" value=\"rappel\"  data-invmsg=\"Je souhaite un ist ung\u00fcltig\"   \/> rappel<\/label><\/div>\n\t\t<div class=\"frm_checkbox\" id=\"frm_checkbox_55-1\">\t\t\t<label  for=\"field_9a7wp2-1\">\n\t\t\t<input type=\"checkbox\" name=\"item_meta[55][]\" id=\"field_9a7wp2-1\" value=\"rendez-vous\"  data-invmsg=\"Je souhaite un ist ung\u00fcltig\"   \/> rendez-vous<\/label><\/div>\n\t\t<div class=\"frm_checkbox\" id=\"frm_checkbox_55-2\">\t\t\t<label  for=\"field_9a7wp2-2\">\n\t\t\t<input type=\"checkbox\" name=\"item_meta[55][]\" id=\"field_9a7wp2-2\" value=\"conseil\"  data-invmsg=\"Je souhaite un ist ung\u00fcltig\"   \/> conseil<\/label><\/div>\n<\/div>\r\n\t\r\n\t\r\n<\/div>\n<div id=\"frm_field_56_container\" class=\"frm_form_field form-field  frm_top_container\">\r\n\t<label for=\"field_1a57\" id=\"field_1a57_label\" class=\"frm_primary_label\">Que pouvons-nous faire pour vous ?\r\n\t\t<span class=\"frm_required\" aria-hidden=\"true\"><\/span>\r\n\t<\/label>\r\n\t<textarea name=\"item_meta[56]\" id=\"field_1a57\" rows=\"5\"  data-invmsg=\"Que pouvons-nous faire pour vous ? est non valide\" aria-invalid=\"false\"  ><\/textarea>\r\n\t\r\n\t\r\n<\/div>\n<div id=\"frm_field_57_container\" class=\"frm_form_field form-field \">\r\n\t<div class=\"frm_submit frm_flex\">\r\n<button class=\"frm_button_submit\" type=\"submit\"  >Envoyer<\/button>\r\n\r\n\r\n\r\n<\/div>\r\n<\/div>\n\t<input type=\"hidden\" name=\"item_key\" value=\"\" \/>\n\t\t\t<div id=\"frm_field_90_container\">\n\t\t\t<label for=\"field_fvx8b\" >\n\t\t\t\tSi vous \u00eates un humain, ne remplissez pas ce champ.\t\t\t<\/label>\n\t\t\t<input  id=\"field_fvx8b\" type=\"text\" class=\"frm_form_field form-field frm_verify\" name=\"item_meta[90]\" value=\"\"  \/>\n\t\t<\/div>\n\t\t<input name=\"frm_state\" type=\"hidden\" value=\"PUG3EzpESolunKV1NPstieudhDiaRXcB2JQeUcnfQyk=\" \/><\/div>\n<\/fieldset>\n<\/div>\n\n<\/form>\n<\/div>\n<\/div>\n\t\t\t\t\t\t<\/div>\n\t\t\t\t<\/div>\n\t\t\t\t\t<\/div>\n\t\t<\/div>\n\t\t\t\t\t<\/div>\n\t\t<\/section>\n\t\t\t\t<\/div>\n\t\t","protected":false},"excerpt":{"rendered":"<p>Chaleur confortable Types de chauffage M\u00e9thodes de chauffage r\u00e9g\u00e9n\u00e9ratives Chauffage au gaz Chauffage au mazout Vous \u00eates int\u00e9ress\u00e9(e) par un conseil ?Alors, n&rsquo;h\u00e9sitez pas \u00e0 nous contacter ! Veuillez noter que nous ne consultons pas nos e-mails en dehors des heures d&rsquo;ouverture.Si vous souhaitez joindre notre service d&rsquo;urgence, veuillez nous appeler au +352 72 92&hellip;&nbsp;<a href=\"https:\/\/askal.lu\/fr\/chauffage\/\" rel=\"bookmark\">Lire la suite &raquo;<span class=\"screen-reader-text\">Chauffage<\/span><\/a><\/p>\n","protected":false},"author":2,"featured_media":0,"parent":0,"menu_order":0,"comment_status":"closed","ping_status":"closed","template":"page-templates\/template-pagebuilder-full-width.php","meta":{"neve_meta_sidebar":"","neve_meta_container":"","neve_meta_enable_content_width":"","neve_meta_content_width":0,"neve_meta_title_alignment":"","neve_meta_author_avatar":"","neve_post_elements_order":"","neve_meta_disable_header":"","neve_meta_disable_footer":"","neve_meta_disable_title":"","footnotes":""},"class_list":["post-822","page","type-page","status-publish","hentry"],"_links":{"self":[{"href":"https:\/\/askal.lu\/fr\/wp-json\/wp\/v2\/pages\/822","targetHints":{"allow":["GET"]}}],"collection":[{"href":"https:\/\/askal.lu\/fr\/wp-json\/wp\/v2\/pages"}],"about":[{"href":"https:\/\/askal.lu\/fr\/wp-json\/wp\/v2\/types\/page"}],"author":[{"embeddable":true,"href":"https:\/\/askal.lu\/fr\/wp-json\/wp\/v2\/users\/2"}],"replies":[{"embeddable":true,"href":"https:\/\/askal.lu\/fr\/wp-json\/wp\/v2\/comments?post=822"}],"version-history":[{"count":21,"href":"https:\/\/askal.lu\/fr\/wp-json\/wp\/v2\/pages\/822\/revisions"}],"predecessor-version":[{"id":1895,"href":"https:\/\/askal.lu\/fr\/wp-json\/wp\/v2\/pages\/822\/revisions\/1895"}],"wp:attachment":[{"href":"https:\/\/askal.lu\/fr\/wp-json\/wp\/v2\/media?parent=822"}],"curies":[{"name":"wp","href":"https:\/\/api.w.org\/{rel}","templated":true}]}}