{"id":2084,"date":"2026-03-16T16:31:15","date_gmt":"2026-03-16T15:31:15","guid":{"rendered":"https:\/\/askal.lu\/contact-pompe-a-chaleur-photovoltaique\/"},"modified":"2026-04-02T18:15:30","modified_gmt":"2026-04-02T16:15:30","slug":"contact-pompe-a-chaleur-photovoltaique","status":"publish","type":"page","link":"https:\/\/askal.lu\/fr\/contact-pompe-a-chaleur-photovoltaique\/","title":{"rendered":"Contact pompe \u00e0 chaleur &#038; photovolta\u00efque"},"content":{"rendered":"\t\t<div data-elementor-type=\"wp-page\" data-elementor-id=\"2084\" class=\"elementor elementor-2084 elementor-2025\">\n\t\t\t\t\t\t<section class=\"elementor-section elementor-top-section elementor-element elementor-element-6c24e63 elementor-section-boxed elementor-section-height-default elementor-section-height-default\" data-id=\"6c24e63\" data-element_type=\"section\" data-e-type=\"section\">\n\t\t\t\t\t\t<div class=\"elementor-container elementor-column-gap-default\">\n\t\t\t\t\t<div class=\"elementor-column elementor-col-100 elementor-top-column elementor-element elementor-element-a9bc569\" data-id=\"a9bc569\" data-element_type=\"column\" data-e-type=\"column\">\n\t\t\t<div class=\"elementor-widget-wrap elementor-element-populated\">\n\t\t\t\t\t\t<div class=\"elementor-element elementor-element-5fc1e3f elementor-widget elementor-widget-heading\" data-id=\"5fc1e3f\" data-element_type=\"widget\" data-e-type=\"widget\" data-widget_type=\"heading.default\">\n\t\t\t\t<div class=\"elementor-widget-container\">\n\t\t\t\t\t<h2 class=\"elementor-heading-title elementor-size-default\">Je suis int\u00e9ress\u00e9 par un entretien de conseil gratuit.<\/h2>\t\t\t\t<\/div>\n\t\t\t\t<\/div>\n\t\t\t\t\t<\/div>\n\t\t<\/div>\n\t\t\t\t\t<\/div>\n\t\t<\/section>\n\t\t\t\t<section class=\"elementor-section elementor-top-section elementor-element elementor-element-8982a33 elementor-section-boxed elementor-section-height-default elementor-section-height-default\" data-id=\"8982a33\" data-element_type=\"section\" data-e-type=\"section\">\n\t\t\t\t\t\t<div class=\"elementor-container elementor-column-gap-default\">\n\t\t\t\t\t<div class=\"elementor-column elementor-col-100 elementor-top-column elementor-element elementor-element-ccd80be\" data-id=\"ccd80be\" data-element_type=\"column\" data-e-type=\"column\">\n\t\t\t<div class=\"elementor-widget-wrap elementor-element-populated\">\n\t\t\t\t\t\t<div class=\"elementor-element elementor-element-8a5cb5e elementor-widget elementor-widget-shortcode\" data-id=\"8a5cb5e\" data-element_type=\"widget\" data-e-type=\"widget\" data-widget_type=\"shortcode.default\">\n\t\t\t\t<div class=\"elementor-widget-container\">\n\t\t\t\t\t\t\t<div class=\"elementor-shortcode\"><div class=\"frm_forms  with_frm_style frm_style_formidable-stil\" id=\"frm_form_9_container\" data-token=\"94eea7cbacf34ce4e91ce2bc5fc6f126\">\n<form enctype=\"multipart\/form-data\" method=\"post\" class=\"frm-show-form \" id=\"form_kontakt-d32\" data-token=\"94eea7cbacf34ce4e91ce2bc5fc6f126\">\n<div class=\"frm_form_fields \">\n<fieldset>\n<legend class=\"frm_screen_reader\">FRANZ CTA W\u00e4rmepumpe & Photovoltaik<\/legend>\r\n\r\n<div class=\"frm_fields_container\">\n<input type=\"hidden\" name=\"frm_action\" value=\"create\" \/>\n<input type=\"hidden\" name=\"form_id\" value=\"9\" \/>\n<input type=\"hidden\" name=\"frm_hide_fields_9\" id=\"frm_hide_fields_9\" value=\"\" \/>\n<input type=\"hidden\" name=\"form_key\" value=\"kontakt-d32\" \/>\n<input type=\"hidden\" name=\"item_meta[0]\" value=\"\" \/>\n<input type=\"hidden\" id=\"frm_submit_entry_9\" name=\"frm_submit_entry_9\" value=\"23e7d3d0b1\" \/><input type=\"hidden\" name=\"_wp_http_referer\" value=\"\/fr\/wp-json\/wp\/v2\/pages\/2084\" \/><div id=\"frm_field_80_container\" class=\"frm_form_field form-field  frm_top_container frm3 frm_first\">\r\n\t<label for=\"field_bw38n32\" id=\"field_bw38n32_label\" class=\"frm_primary_label\">Civilit\u00e9\r\n\t\t<span class=\"frm_required\" aria-hidden=\"true\"><\/span>\r\n\t<\/label>\r\n\t<input type=\"text\" id=\"field_bw38n32\" name=\"item_meta[80]\" value=\"\"  data-invmsg=\"Civilit\u00e9 ist ung\u00fcltig\" aria-invalid=\"false\"  \/>\r\n\t\r\n\t\r\n<\/div>\n<div id=\"frm_field_81_container\" class=\"frm_form_field form-field  frm_required_field frm_top_container frm9\">\r\n\t<div  id=\"field_rvxix32_label\" class=\"frm_primary_label\">Nom\r\n\t\t<span class=\"frm_required\" aria-hidden=\"true\">*<\/span>\r\n\t<\/div>\r\n\t<fieldset aria-labelledby=\"field_rvxix32_label\">\n\t<legend class=\"frm_screen_reader frm_hidden\">\n\t\tNom\t<\/legend>\n\n\t<div  class=\"frm_combo_inputs_container\" id=\"frm_combo_inputs_container_81\" data-name-layout=\"first_last\">\n\t\t\t\t\t<div\n\t\t\t\tid=\"frm_field_81-first_container\"\n\t\t\t\tclass=\"frm_form_field form-field frm_form_subfield-first  frm6\"\n\t\t\t\tdata-sub-field-name=\"first\"\n\t\t\t>\n\t\t\t\t<label for=\"field_rvxix32_first\" class=\"frm_screen_reader frm_hidden\">\n\t\t\t\t\tPr\u00e9nom\t\t\t\t<\/label>\n\n\t\t\t\t<input  type=\"text\" id=\"field_rvxix32_first\" value=\"\" name=\"item_meta[81][first]\" autocomplete=\"given-name\" data-reqmsg=\"Nom kann nicht leer sein.\" aria-required=\"true\" data-invmsg=\"Nom est non valide\" aria-invalid=\"false\"  \/><div class=\"frm_description\" id=\"frm_field_81_first_desc\">Pr\u00e9nom<\/div>\t\t\t<\/div>\n\t\t\t\t\t\t<div\n\t\t\t\tid=\"frm_field_81-last_container\"\n\t\t\t\tclass=\"frm_form_field form-field frm_form_subfield-last  frm6\"\n\t\t\t\tdata-sub-field-name=\"last\"\n\t\t\t>\n\t\t\t\t<label for=\"field_rvxix32_last\" class=\"frm_screen_reader frm_hidden\">\n\t\t\t\t\tNom de famille\t\t\t\t<\/label>\n\n\t\t\t\t<input  type=\"text\" id=\"field_rvxix32_last\" value=\"\" name=\"item_meta[81][last]\" autocomplete=\"family-name\" data-reqmsg=\"Nom kann nicht leer sein.\" aria-required=\"true\" data-invmsg=\"Nom est non valide\" aria-invalid=\"false\"  \/><div class=\"frm_description\" id=\"frm_field_81_last_desc\">Nom de famille<\/div>\t\t\t<\/div>\n\t\t\t\t<\/div>\n<\/fieldset>\n\r\n\t\r\n\t\r\n<\/div>\n<div id=\"frm_field_82_container\" class=\"frm_form_field form-field  frm_required_field frm_top_container frm6 frm_first\">\r\n\t<label for=\"field_4yztc32\" id=\"field_4yztc32_label\" class=\"frm_primary_label\">E-Mail\r\n\t\t<span class=\"frm_required\" aria-hidden=\"true\">*<\/span>\r\n\t<\/label>\r\n\t<input type=\"email\" id=\"field_4yztc32\" name=\"item_meta[82]\" value=\"\"  data-reqmsg=\"E-Mail kann nicht leer sein.\" aria-required=\"true\" data-invmsg=\"E-Mail ist ung\u00fcltig\" aria-invalid=\"false\"  \/>\r\n\t\r\n\t\r\n<\/div>\n<div id=\"frm_field_83_container\" class=\"frm_form_field form-field  frm_required_field frm_top_container frm6\">\r\n\t<label for=\"field_gjhtl32\" id=\"field_gjhtl32_label\" class=\"frm_primary_label\">T\u00e9l\u00e9phone\r\n\t\t<span class=\"frm_required\" aria-hidden=\"true\">*<\/span>\r\n\t<\/label>\r\n\t<input type=\"tel\" id=\"field_gjhtl32\" name=\"item_meta[83]\" value=\"\"  data-reqmsg=\"T\u00e9l\u00e9phone kann nicht leer sein.\" aria-required=\"true\" data-invmsg=\"T\u00e9l\u00e9phone ist ung\u00fcltig\" aria-invalid=\"false\" pattern=\"((\\+\\d{1,3}(-|.| )?\\(?\\d\\)?(-| |.)?\\d{1,5})|(\\(?\\d{2,6}\\)?))(-|.| )?(\\d{3,4})(-|.| )?(\\d{4})(( x| ext)\\d{1,5}){0,1}$\"  \/>\r\n\t\r\n\t\r\n<\/div>\n<div id=\"frm_field_84_container\" class=\"frm_form_field form-field  frm_required_field frm_top_container\">\r\n\t<label for=\"field_e7l7b32\" id=\"field_e7l7b32_label\" class=\"frm_primary_label\">Rue et num\u00e9ro\r\n\t\t<span class=\"frm_required\" aria-hidden=\"true\">*<\/span>\r\n\t<\/label>\r\n\t<input type=\"text\" id=\"field_e7l7b32\" name=\"item_meta[84]\" value=\"\"  data-reqmsg=\"Rue et num\u00e9ro kann nicht leer sein.\" aria-required=\"true\" data-invmsg=\"Rue et num\u00e9ro ist ung\u00fcltig\" aria-invalid=\"false\"  \/>\r\n\t\r\n\t\r\n<\/div>\n<div id=\"frm_field_85_container\" class=\"frm_form_field form-field  frm_required_field frm_top_container frm6 frm_first\">\r\n\t<label for=\"field_png2l32\" id=\"field_png2l32_label\" class=\"frm_primary_label\">Code postal et localit\u00e9\r\n\t\t<span class=\"frm_required\" aria-hidden=\"true\">*<\/span>\r\n\t<\/label>\r\n\t<input type=\"text\" id=\"field_png2l32\" name=\"item_meta[85]\" value=\"\"  data-reqmsg=\"Code postal et localit\u00e9 kann nicht leer sein.\" aria-required=\"true\" data-invmsg=\"Code postal et localit\u00e9 ist ung\u00fcltig\" aria-invalid=\"false\"  \/>\r\n\t\r\n\t\r\n<\/div>\n<div id=\"frm_field_86_container\" class=\"frm_form_field form-field  frm_required_field frm_top_container frm6\">\r\n\t<label for=\"field_teake32\" id=\"field_teake32_label\" class=\"frm_primary_label\">Land\r\n\t\t<span class=\"frm_required\" aria-hidden=\"true\">*<\/span>\r\n\t<\/label>\r\n\t\t\t<select name=\"item_meta[86]\" id=\"field_teake32\"  data-reqmsg=\"Land kann nicht leer sein.\" aria-required=\"true\" data-invmsg=\"Land ist ung\u00fcltig\" aria-invalid=\"false\"  >\n\t\t<option  value=\"Luxemburg\">Luxemburg<\/option><option  value=\"Deutschland\">Deutschland<\/option><option  value=\"Frankreich\">Frankreich<\/option><option  value=\"Belgien\">Belgien<\/option>\t<\/select>\n\t\r\n\t\r\n\t\r\n<\/div>\n<div id=\"frm_field_87_container\" class=\"frm_form_field form-field  frm_top_container vertical_radio\">\r\n\t<div  id=\"field_9a7wp32_label\" class=\"frm_primary_label\">Je souhaite\r\n\t\t<span class=\"frm_required\" aria-hidden=\"true\"><\/span>\r\n\t<\/div>\r\n\t<div class=\"frm_opt_container\" aria-labelledby=\"field_9a7wp32_label\" role=\"group\">\t\t<div class=\"frm_checkbox\" id=\"frm_checkbox_87-0\">\t\t\t<label  for=\"field_9a7wp32-0\">\n\t\t\t<input type=\"checkbox\" name=\"item_meta[87][]\" id=\"field_9a7wp32-0\" value=\"un rappel\"  data-invmsg=\"Je souhaite ist ung\u00fcltig\"   \/> un rappel<\/label><\/div>\n\t\t<div class=\"frm_checkbox\" id=\"frm_checkbox_87-1\">\t\t\t<label  for=\"field_9a7wp32-1\">\n\t\t\t<input type=\"checkbox\" name=\"item_meta[87][]\" id=\"field_9a7wp32-1\" value=\"un rendez-vous\"  data-invmsg=\"Je souhaite ist ung\u00fcltig\"   \/> un rendez-vous<\/label><\/div>\n\t\t<div class=\"frm_checkbox\" id=\"frm_checkbox_87-2\">\t\t\t<label  for=\"field_9a7wp32-2\">\n\t\t\t<input type=\"checkbox\" name=\"item_meta[87][]\" id=\"field_9a7wp32-2\" value=\"un conseil\"  data-invmsg=\"Je souhaite ist ung\u00fcltig\"   \/> un conseil<\/label><\/div>\n<\/div>\r\n\t\r\n\t\r\n<\/div>\n<div id=\"frm_field_88_container\" class=\"frm_form_field form-field  frm_top_container\">\r\n\t<label for=\"field_1a5732\" id=\"field_1a5732_label\" class=\"frm_primary_label\">Que pouvons-nous faire pour vous ?\r\n\t\t<span class=\"frm_required\" aria-hidden=\"true\"><\/span>\r\n\t<\/label>\r\n\t<textarea name=\"item_meta[88]\" id=\"field_1a5732\" rows=\"5\"  data-invmsg=\"Que pouvons-nous faire pour vous ? est non valide\" aria-invalid=\"false\"  ><\/textarea>\r\n\t\r\n\t\r\n<\/div>\n<div id=\"frm_field_89_container\" class=\"frm_form_field form-field \">\r\n\t<div class=\"frm_submit frm_flex\">\r\n<button class=\"frm_button_submit\" type=\"submit\"  >Envoyer<\/button>\r\n\r\n\r\n\r\n<\/div>\r\n<\/div>\n\t<input type=\"hidden\" name=\"item_key\" value=\"\" \/>\n\t\t\t<div id=\"frm_field_90_container\">\n\t\t\t<label for=\"field_8pacn\" >\n\t\t\t\tSi vous \u00eates un humain, ne remplissez pas ce champ.\t\t\t<\/label>\n\t\t\t<input  id=\"field_8pacn\" type=\"text\" class=\"frm_form_field form-field frm_verify\" name=\"item_meta[90]\" value=\"\"  \/>\n\t\t<\/div>\n\t\t<input name=\"frm_state\" type=\"hidden\" value=\"PUG3EzpESolunKV1NPstieudhDiaRXcB2JQeUcnfQyk=\" \/><\/div>\n<\/fieldset>\n<\/div>\n\n<\/form>\n<\/div>\n<\/div>\n\t\t\t\t\t\t<\/div>\n\t\t\t\t<\/div>\n\t\t\t\t\t<\/div>\n\t\t<\/div>\n\t\t\t\t\t<\/div>\n\t\t<\/section>\n\t\t\t\t<\/div>\n\t\t","protected":false},"excerpt":{"rendered":"<p>Je suis int\u00e9ress\u00e9 par un entretien de conseil gratuit.<\/p>\n","protected":false},"author":2,"featured_media":0,"parent":0,"menu_order":0,"comment_status":"closed","ping_status":"closed","template":"page-templates\/template-pagebuilder-full-width.php","meta":{"neve_meta_sidebar":"","neve_meta_container":"","neve_meta_enable_content_width":"","neve_meta_content_width":0,"neve_meta_title_alignment":"","neve_meta_author_avatar":"","neve_post_elements_order":"","neve_meta_disable_header":"","neve_meta_disable_footer":"","neve_meta_disable_title":"","footnotes":""},"class_list":["post-2084","page","type-page","status-publish","hentry"],"_links":{"self":[{"href":"https:\/\/askal.lu\/fr\/wp-json\/wp\/v2\/pages\/2084","targetHints":{"allow":["GET"]}}],"collection":[{"href":"https:\/\/askal.lu\/fr\/wp-json\/wp\/v2\/pages"}],"about":[{"href":"https:\/\/askal.lu\/fr\/wp-json\/wp\/v2\/types\/page"}],"author":[{"embeddable":true,"href":"https:\/\/askal.lu\/fr\/wp-json\/wp\/v2\/users\/2"}],"replies":[{"embeddable":true,"href":"https:\/\/askal.lu\/fr\/wp-json\/wp\/v2\/comments?post=2084"}],"version-history":[{"count":3,"href":"https:\/\/askal.lu\/fr\/wp-json\/wp\/v2\/pages\/2084\/revisions"}],"predecessor-version":[{"id":2093,"href":"https:\/\/askal.lu\/fr\/wp-json\/wp\/v2\/pages\/2084\/revisions\/2093"}],"wp:attachment":[{"href":"https:\/\/askal.lu\/fr\/wp-json\/wp\/v2\/media?parent=2084"}],"curies":[{"name":"wp","href":"https:\/\/api.w.org\/{rel}","templated":true}]}}