{"id":1116,"date":"2023-08-13T22:35:31","date_gmt":"2023-08-13T20:35:31","guid":{"rendered":"https:\/\/askal.lu\/declaration-de-protection-des-donnees\/"},"modified":"2023-10-23T15:44:22","modified_gmt":"2023-10-23T13:44:22","slug":"declaration-de-protection-des-donnees","status":"publish","type":"page","link":"https:\/\/askal.lu\/fr\/declaration-de-protection-des-donnees\/","title":{"rendered":"D\u00e9claration de protection des donn\u00e9es"},"content":{"rendered":"\t\t<div data-elementor-type=\"wp-page\" data-elementor-id=\"1116\" class=\"elementor elementor-1116 elementor-3\">\n\t\t\t\t\t\t<section class=\"elementor-section elementor-top-section elementor-element elementor-element-3a8e7327 elementor-section-boxed elementor-section-height-default elementor-section-height-default\" data-id=\"3a8e7327\" data-element_type=\"section\" data-e-type=\"section\">\n\t\t\t\t\t\t<div class=\"elementor-container elementor-column-gap-default\">\n\t\t\t\t\t<div class=\"elementor-column elementor-col-100 elementor-top-column elementor-element elementor-element-54b056b5\" data-id=\"54b056b5\" data-element_type=\"column\" data-e-type=\"column\">\n\t\t\t<div class=\"elementor-widget-wrap elementor-element-populated\">\n\t\t\t\t\t\t<div class=\"elementor-element elementor-element-3d30d59 elementor-widget elementor-widget-text-editor\" data-id=\"3d30d59\" data-element_type=\"widget\" data-e-type=\"widget\" data-widget_type=\"text-editor.default\">\n\t\t\t\t<div class=\"elementor-widget-container\">\n\t\t\t\t\t\t\t\t\t<h3><span style=\"color: #000000;\">Remarque g\u00e9n\u00e9rale<\/span><\/h3>\r\n<span style=\"color: #000000;\">Bienvenue sur le site Internet d&rsquo;Askal S.\u00e0 r.l.. Nous nous r\u00e9jouissons de votre visite.<\/span>\r\n\r\n<span style=\"color: #000000;\">En r\u00e8gle g\u00e9n\u00e9rale, l&rsquo;utilisation de notre page Internet (site Web) est possible sans indication de donn\u00e9es personnelles.<\/span>\r\n\r\n<span style=\"color: #000000;\">L&rsquo;utilisation de certaines offres de service sur notre page Internet (site Web) peut donner lieu \u00e0 des r\u00e8gles diff\u00e9rentes que nous souhaitons vous expliquer s\u00e9par\u00e9ment ci-apr\u00e8s.<\/span>\r\n\r\n<span style=\"color: #000000;\">Les donn\u00e9es personnelles sont toutes les informations qui peuvent \u00eatre attribu\u00e9es directement ou indirectement \u00e0 une personne physique d\u00e9termin\u00e9e (p. ex. nom, adresse, adresse e-mail, caract\u00e9ristiques particuli\u00e8res, etc&#8230;).<\/span>\r\n\r\n<span style=\"color: #000000;\">Les bases l\u00e9gales et autres informations relatives \u00e0 la protection des donn\u00e9es se trouvent dans la loi luxembourgeoise du 1er ao\u00fbt 2018, la loi du 5 mai 2005 ainsi que dans le r\u00e8glement g\u00e9n\u00e9ral sur la protection des donn\u00e9es (UE) 2016\/679 (RGPD).<\/span>\r\n\r\n<span style=\"color: #000000;\">Vos donn\u00e9es personnelles ne seront trait\u00e9es par nous que conform\u00e9ment aux dispositions de la loi luxembourgeoise <\/span><span style=\"color: #000000;\">et europ\u00e9ennes de protection des donn\u00e9es. L&rsquo;enregistrement des donn\u00e9es \u00e0 caract\u00e8re personnel n&rsquo;a lieu que dans la mesure o\u00f9 il est n\u00e9cessaire \u00e0 la fourniture d&rsquo;une prestation, \u00e0 la mise \u00e0 disposition du site Internet, au respect des exigences l\u00e9gales ou \u00e0 l&rsquo;une des fins indiqu\u00e9es.<\/span>\r\n\r\n&nbsp;\r\n\r\n<span style=\"color: #000000;\">Les explications suivantes vous informent sur la nature, l&rsquo;\u00e9tendue et la finalit\u00e9, ainsi que sur les donn\u00e9es personnelles.<\/span>\r\n\r\n<span style=\"color: #000000;\">de l&rsquo;utilisation et du traitement des donn\u00e9es \u00e0 caract\u00e8re personnel par le fournisseur\/responsable.<\/span>\r\n\r\n&nbsp;\r\n<h3><span style=\"color: #000000;\">Responsable (art. 4 n\u00b0 7 du RGPD)<\/span><\/h3>\r\n<strong><span style=\"color: #000000;\">Askal S.\u00e0 r.l.<\/span><\/strong>\r\n\r\n<strong><span style=\"color: #000000;\">4, Rue Pierre Richardot\r\nL-6468 Echternach<\/span><\/strong>\r\n\r\n<strong><span style=\"color: #000000;\">T\u00e9l\u00e9phone : 00352 7292551<\/span><\/strong>\r\n\r\n<strong><span style=\"color: #000000;\">E-Mail:info@askal.lu<\/span><\/strong>\r\n\r\n&nbsp;\r\n<h3><span style=\"color: #000000;\">1.0 Mise \u00e0 disposition du site web\/fichiers journaux du serveur<\/span><\/h3>\r\n<span style=\"color: #000000;\">En r\u00e8gle g\u00e9n\u00e9rale, il est possible d&rsquo;utiliser notre site web sans fournir de donn\u00e9es personnelles. Toutefois, lors de la visite de notre site web, certaines donn\u00e9es anonymes sont automatiquement enregistr\u00e9es et n\u00e9cessaires \u00e0 la mise \u00e0 disposition du site web. Ces donn\u00e9es ne sont pas des donn\u00e9es \u00e0 caract\u00e8re personnel et ne sont pas soumises aux dispositions l\u00e9gales du RGPD ou de la loi luxembourgeoise sur la protection des donn\u00e9es. Ces donn\u00e9es sont des fichiers journaux de serveur que votre navigateur Internet nous transmet ou transmet \u00e0 notre fournisseur d&rsquo;espace web, o\u00f9 elles sont saisies et enregistr\u00e9es.<\/span>\r\n\r\n&nbsp;\r\n\r\n<span style=\"color: #000000;\">&#8211; le type et la version de votre navigateur\r\n<\/span><span style=\"color: #000000;\">&#8211; le syst\u00e8me d&rsquo;exploitation utilis\u00e9 par l&rsquo;utilisateur\r\n<\/span><span style=\"color: #000000;\">&#8211; votre adresse de protocole Internet (adresse IP)\r\n<\/span><span style=\"color: #000000;\">&#8211; la date et l&rsquo;heure\r\n<\/span><span style=\"color: #000000;\">&#8211; les sites web \u00e0 partir desquels vous nous rendez visite (URL de r\u00e9f\u00e9rence)\r\n<\/span><span style=\"color: #000000;\">&#8211; Sites web et contenu (images, fichiers, etc.) consult\u00e9s sur notre site.<\/span>\r\n\r\n<span style=\"color: #000000;\">Ces donn\u00e9es sont enregistr\u00e9es s\u00e9par\u00e9ment de vos donn\u00e9es personnelles, si vous les avez fournies. Cela permet de garantir qu&rsquo;aucune identification d&rsquo;une personne en particulier ne peut avoir lieu.\u00a0<\/span>\r\n\r\n&nbsp;\r\n<h3><span style=\"color: #000000;\">1.1 Objectif du traitement des donn\u00e9es \u00e0 caract\u00e8re personnel<\/span><\/h3>\r\n<span style=\"color: #000000;\">Le stockage temporaire de l&rsquo;adresse IP est n\u00e9cessaire pour permettre la livraison du site web \u00e0 l&rsquo;utilisateur. L&rsquo;adresse IP est enregistr\u00e9e pour la dur\u00e9e de la session.<\/span>\r\n\r\n<span style=\"color: #000000;\">Par ailleurs, les fichiers journaux sont enregistr\u00e9s afin de garantir le bon fonctionnement du site web et de rem\u00e9dier aux abus et aux dysfonctionnements. En outre, les donn\u00e9es servent \u00e0 optimiser et \u00e0 garantir la s\u00e9curit\u00e9 de nos syst\u00e8mes informatiques.<\/span>\r\n\r\n<span style=\"color: #000000;\">Une \u00e9valuation des donn\u00e9es \u00e0 des fins de marketing n&rsquo;a pas lieu dans ce contexte.<\/span>\r\n\r\n<span style=\"color: #000000;\">Ces objectifs sont \u00e9galement \u00e0 la base de notre int\u00e9r\u00eat l\u00e9gitime \u00e0 traiter les donn\u00e9es conform\u00e9ment \u00e0 l&rsquo;art. <\/span><span style=\"color: #000000;\">6, alin\u00e9a f du RGPD.<\/span>\r\n\r\n&nbsp;\r\n<h3><span style=\"color: #000000;\">1.2 Dur\u00e9e de stockage\/suppression\u00a0\u00a0<\/span><\/h3>\r\n<span style=\"color: #000000;\">La suppression des donn\u00e9es mentionn\u00e9es au point \u00ab\u00a0Mise \u00e0 disposition du site web\/fichiers journaux du serveur\u00a0\u00bb a lieu d\u00e8s que la finalit\u00e9 du stockage n&rsquo;est plus valable. Toutefois, au plus tard \u00e0 l&rsquo;expiration d&rsquo;un d\u00e9lai de 3 mois apr\u00e8s la consultation de notre site web.<\/span>\r\n\r\n&nbsp;\r\n<h3><span style=\"color: #000000;\">2.0 Possibilit\u00e9 de contact (e-mail, formulaire de contact)<\/span><\/h3>\r\n<span style=\"color: #000000;\">Sur notre site web, vous avez la possibilit\u00e9 de nous transmettre des messages par e-mail et\/ou via un formulaire de contact.\u00a0 Les donn\u00e9es obligatoires suivantes sont n\u00e9cessaires pour une prise de contact.<\/span>\r\n\r\n<span style=\"color: #000000;\">&#8211; Pr\u00e9nom et nom\r\n<\/span><span style=\"color: #000000;\">&#8211; Adresse postale\r\n<\/span><span style=\"color: #000000;\">&#8211; Num\u00e9ro de t\u00e9l\u00e9phone\r\n<\/span><span style=\"color: #000000;\">&#8211; Adresse \u00e9lectronique\u00a0<\/span>\r\n<h3><span style=\"color: #000000;\">2.1 Cons\u00e9quences du refus de fournir les donn\u00e9es obligatoires<\/span><\/h3>\r\n<span style=\"color: #000000;\">La personne int\u00e9ress\u00e9e doit nous permettre de l&rsquo;identifier par d&rsquo;autres caract\u00e9ristiques que l&rsquo;adresse e-mail. Si les donn\u00e9es obligatoires, importantes pour nous, sont refus\u00e9es, nous ne pourrons pas \u00e9tablir d&rsquo;offres.\u00a0<\/span>\r\n\r\n&nbsp;\r\n<h3><span style=\"color: #000000;\">3.0 Finalit\u00e9 du traitement des donn\u00e9es<\/span><\/h3>\r\n<h3><span style=\"color: #000000;\">3.1 Formulaire de contact\/courriel<\/span><\/h3>\r\n<span style=\"color: #000000;\">Dans le but de traiter la prise de contact, les donn\u00e9es fournies volontairement par l&rsquo;utilisateur sont <\/span><span style=\"color: #000000;\">donn\u00e9es fournies par l&rsquo;utilisateur sont enregistr\u00e9es. Le stockage des donn\u00e9es est effectu\u00e9 sur la base juridique <\/span><span style=\"color: #000000;\">conform\u00e9ment \u00e0 l&rsquo;art. 6, al. 1, let. a du RGPD.<\/span>\r\n\r\n&nbsp;\r\n<h3><span style=\"color: #000000;\">3.2 Ex\u00e9cution du contrat \/ mesures pr\u00e9contractuelles<\/span><\/h3>\r\n<span style=\"color: #000000;\">D\u00e8s qu&rsquo;une transaction juridique a \u00e9t\u00e9 conclue avec nous ou que nous avons re\u00e7u une demande d&rsquo;offre, le traitement est n\u00e9cessaire \u00e0 l&rsquo;ex\u00e9cution d&rsquo;un contrat ou \u00e0 l&rsquo;ex\u00e9cution de mesures pr\u00e9contractuelles. Le traitement des donn\u00e9es s&rsquo;effectue sur la base juridique de l&rsquo;article 6, paragraphe 1, point b) du RGPD.<\/span>\r\n\r\n&nbsp;\r\n\r\n&nbsp;\r\n<h3><span style=\"color: #000000;\">3.3 Obligations l\u00e9gales<\/span><\/h3>\r\n<span style=\"color: #000000;\">D\u00e8s qu&rsquo;une transaction juridique a \u00e9t\u00e9 conclue avec nous, le traitement est n\u00e9cessaire pour remplir des obligations l\u00e9gales. Le traitement des donn\u00e9es est effectu\u00e9 sur la base juridique de l&rsquo;article 6, paragraphe 1, point c), du RGPD.<\/span>\r\n\r\n&nbsp;\r\n<h3><span style=\"color: #000000;\">4.0 Dur\u00e9e de stockage\/effacement<\/span><\/h3>\r\n<h3><span style=\"color: #000000;\">4.1 <\/span><\/h3>\r\n<span style=\"color: #000000;\">Les donn\u00e9es collect\u00e9es au point 3.1 Possibilit\u00e9 de contact sont effac\u00e9es d\u00e8s que la finalit\u00e9 de leur collecte est supprim\u00e9e.<\/span>\r\n\r\n&nbsp;\r\n<h3><span style=\"color: #000000;\">4.2 <\/span><\/h3>\r\n<span style=\"color: #000000;\">Les donn\u00e9es \u00e0 traiter au titre du point 3.2 Ex\u00e9cution du contrat\/ex\u00e9cution de mesures pr\u00e9contractuelles sont effac\u00e9es apr\u00e8s 10 ans.\u00a0\u00a0<\/span>\r\n<h3><span style=\"color: #000000;\">4.3 <\/span><\/h3>\r\n<span style=\"color: #000000;\">Les donn\u00e9es trait\u00e9es au point 3.3 Obligation l\u00e9gale sont effac\u00e9es au bout de 10 ans.<\/span>\r\n<h3><span style=\"color: #000000;\">5.0 <\/span><\/h3>\r\n<span style=\"color: #000000;\">Information sur l&rsquo;utilisation des cookies<\/span>\r\n\r\n<span style=\"color: #000000;\">&#8211; Port\u00e9e du traitement des donn\u00e9es \u00e0 caract\u00e8re personnel<\/span>\r\n\r\n<span style=\"color: #000000;\">Sur diff\u00e9rentes pages, les services web que nous utilisons utilisent des cookies pour permettre l&rsquo;utilisation de certaines fonctions de notre site web. Les cookies sont de petits fichiers texte que votre navigateur peut placer sur votre ordinateur. Ces fichiers texte contiennent une cha\u00eene de caract\u00e8res caract\u00e9ristique qui permet d&rsquo;identifier clairement le navigateur lors d&rsquo;une nouvelle consultation de notre site web. Le processus de d\u00e9p\u00f4t d&rsquo;un fichier cookie est \u00e9galement appel\u00e9 \u00ab\u00a0installation d&rsquo;un cookie\u00a0\u00bb.<\/span>\r\n\r\n&nbsp;\r\n\r\n<span style=\"color: #000000;\">&#8211; Base juridique pour le traitement des donn\u00e9es \u00e0 caract\u00e8re personnel<\/span>\r\n\r\n<span style=\"color: #000000;\">Article 6, paragraphe 1, point f du RGPD (int\u00e9r\u00eat l\u00e9gitime). Notre int\u00e9r\u00eat l\u00e9gitime r\u00e9side dans le maintien de la pleine fonctionnalit\u00e9 de notre site web, l&rsquo;am\u00e9lioration de la convivialit\u00e9 ainsi que la possibilit\u00e9 de s&rsquo;adresser individuellement aux visiteurs. Une identification des visiteurs individuels du site n&rsquo;est possible avec la technologie des cookies que si le visiteur du site a pr\u00e9alablement indiqu\u00e9 les donn\u00e9es personnelles correspondantes sur la base d&rsquo;un consentement s\u00e9par\u00e9.<\/span>\r\n\r\n&nbsp;\r\n\r\n<span style=\"color: #000000;\">&#8211; Objectif du traitement<\/span>\r\n\r\n<span style=\"color: #000000;\">Les cookies sont plac\u00e9s afin de maintenir la pleine fonctionnalit\u00e9 de notre site web et d&rsquo;en am\u00e9liorer la convivialit\u00e9. En outre, la technologie Cooke permet de reconna\u00eetre des visiteurs individuels gr\u00e2ce \u00e0 des pseudonymes, par exemple un identifiant individuel quelconque, de sorte qu&rsquo;il est possible de proposer des prestations plus personnalis\u00e9es.<\/span>\r\n\r\n&nbsp;\r\n\r\n<span style=\"color: #000000;\">&#8211; Dur\u00e9e du stockage<\/span>\r\n\r\n<span style=\"color: #000000;\">Les cookies sont enregistr\u00e9s jusqu&rsquo;\u00e0 leur suppression dans votre navigateur ou, s&rsquo;il s&rsquo;agit d&rsquo;un cookie de session, jusqu&rsquo;\u00e0 l&rsquo;expiration de la session.<\/span>\r\n\r\n&nbsp;\r\n\r\n<span style=\"color: #000000;\">&#8211; Possibilit\u00e9 d&rsquo;opposition et d&rsquo;\u00e9limination<\/span>\r\n\r\n<span style=\"color: #000000;\">Vous pouvez configurer votre navigateur vous-m\u00eame selon vos souhaits de mani\u00e8re \u00e0 emp\u00eacher de mani\u00e8re g\u00e9n\u00e9rale l&rsquo;installation de cookies. Vous pouvez alors d\u00e9cider au cas par cas d&rsquo;accepter ou non les cookies ou d&rsquo;accepter syst\u00e9matiquement les cookies. Les cookies peuvent \u00eatre utilis\u00e9s \u00e0 diff\u00e9rentes fins, par exemple pour reconna\u00eetre que votre PC s&rsquo;est d\u00e9j\u00e0 connect\u00e9 \u00e0 une offre web (cookies permanents) ou pour enregistrer les derni\u00e8res offres consult\u00e9es (cookies de session). Des cookies sont utilis\u00e9s sur notre site web afin de vous offrir un confort d&rsquo;utilisation accru. Pour pouvoir utiliser ces fonctions de confort, nous vous recommandons d&rsquo;accepter les cookies pour notre offre web. Les possibilit\u00e9s d&rsquo;opposition et d&rsquo;\u00e9limination sont par ailleurs r\u00e9gies par la r\u00e9glementation g\u00e9n\u00e9rale relative au droit d&rsquo;opposition et au droit de suppression en mati\u00e8re de protection des donn\u00e9es, d\u00e9crite ci-apr\u00e8s dans la pr\u00e9sente d\u00e9claration de protection des donn\u00e9es.<\/span>\r\n\r\n&nbsp;\r\n<h3><span style=\"color: #000000;\">6.0 S\u00e9curit\u00e9 des donn\u00e9es et protection des donn\u00e9es, communication par e-mail<\/span><\/h3>\r\n<span style=\"color: #000000;\">Vos donn\u00e9es personnelles sont prot\u00e9g\u00e9es par des mesures techniques et organisationnelles lors de la collecte, de l&rsquo;enregistrement et du traitement de mani\u00e8re \u00e0 ce qu&rsquo;elles ne soient pas accessibles \u00e0 des tiers. En cas de communication non crypt\u00e9e par e-mail, nous ne pouvons pas garantir la s\u00e9curit\u00e9 totale des donn\u00e9es sur la voie de transmission vers nos syst\u00e8mes informatiques, de sorte que nous recommandons une communication crypt\u00e9e ou la voie postale pour les informations n\u00e9cessitant un haut degr\u00e9 de confidentialit\u00e9.<\/span>\r\n\r\n&nbsp;\r\n<h3><span style=\"color: #000000;\">7.0 Droit d&rsquo;acc\u00e8s et demandes de rectification &#8211; Effacement &amp; blocage des donn\u00e9es &#8211; R\u00e9vocation des consentements &#8211; Droit d&rsquo;opposition<\/span><\/h3>\r\n&nbsp;\r\n<h3><span style=\"color: #000000;\">7.1 Droit \u00e0 l&rsquo;information<\/span><\/h3>\r\n<span style=\"color: #000000;\">Vous avez le droit d&rsquo;exiger la confirmation que nous traitons ou non des donn\u00e9es \u00e0 caract\u00e8re personnel vous concernant. Si c&rsquo;est le cas, vous avez le droit d&rsquo;obtenir des informations sur les donn\u00e9es vis\u00e9es \u00e0 l&rsquo;art.<\/span>\r\n\r\n<span style=\"color: #000000;\">informations vis\u00e9es \u00e0 l&rsquo;article 15, paragraphe 1, du RGPD, dans la mesure o\u00f9 les droits et libert\u00e9s d&rsquo;autres personnes ne sont pas affect\u00e9s (article 15, paragraphe 4, du RGPD).<\/span>\r\n<h3><span style=\"color: #000000;\">7.2 Droit de rectification<\/span><\/h3>\r\n<span style=\"color: #000000;\">Conform\u00e9ment \u00e0 l&rsquo;art. 16 du RGPD, vous avez le droit de faire corriger \u00e0 tout moment les donn\u00e9es \u00e0 caract\u00e8re personnel que nous avons \u00e9ventuellement enregistr\u00e9es de mani\u00e8re erron\u00e9e.<\/span>\r\n<h3><span style=\"color: #000000;\">7.3 Droit \u00e0 l&rsquo;effacement<\/span><\/h3>\r\n<span style=\"color: #000000;\">Conform\u00e9ment \u00e0 l&rsquo;article 17, paragraphe 1 du RGPD, vous avez le droit d&rsquo;exiger que nous supprimions les donn\u00e9es \u00e0 caract\u00e8re personnel que nous avons collect\u00e9es \u00e0 votre sujet si les donn\u00e9es ne sont plus n\u00e9cessaires, si la base juridique a disparu sans \u00eatre remplac\u00e9e en raison de l&rsquo;opposition de votre consentement, si vous vous \u00eates oppos\u00e9 au traitement et qu&rsquo;il n&rsquo;existe pas de motifs l\u00e9gitimes pour le traitement, si vos donn\u00e9es sont trait\u00e9es ill\u00e9galement, si une obligation l\u00e9gale l&rsquo;exige ou si une collecte a eu lieu conform\u00e9ment \u00e0 l&rsquo;article 8, paragraphe 1 du RGPD.<\/span>\r\n\r\n<span style=\"color: #000000;\">Conform\u00e9ment \u00e0 l&rsquo;article 17, paragraphe 3, du RGPD, ce droit n&rsquo;existe pas dans la mesure o\u00f9 le traitement est n\u00e9cessaire \u00e0 l&rsquo;exercice du droit \u00e0 la libert\u00e9 d&rsquo;expression et d&rsquo;information. En outre, il n&rsquo;existe pas s&rsquo;il a \u00e9t\u00e9 collect\u00e9 sur la base d&rsquo;une obligation l\u00e9gale ou si les donn\u00e9es servent \u00e0 faire valoir, exercer ou d\u00e9fendre des droits en justice.<\/span>\r\n<h3><span style=\"color: #000000;\">7.4 Droit \u00e0 la limitation du traitement<\/span><\/h3>\r\n<span style=\"color: #000000;\">Conform\u00e9ment \u00e0 l&rsquo;article 18, paragraphe 1 du RGPD, vous avez le droit, dans certains cas, d&rsquo;exiger la limitation du traitement de vos donn\u00e9es personnelles.<\/span>\r\n\r\n<span style=\"color: #000000;\">C&rsquo;est le cas lorsque<\/span>\r\n\r\n<span style=\"color: #000000;\">&#8211; l&rsquo;exactitude des donn\u00e9es \u00e0 caract\u00e8re personnel est contest\u00e9e<\/span>\r\n\r\n<span style=\"color: #000000;\">&#8211; Le traitement est illicite<\/span>\r\n\r\n<span style=\"color: #000000;\">&#8211; Les donn\u00e9es ne sont plus n\u00e9cessaires pour la finalit\u00e9 du traitement, mais servent \u00e0 la constatation, \u00e0 l&rsquo;exercice ou \u00e0 la d\u00e9fense de droits en justice<\/span>\r\n\r\n<span style=\"color: #000000;\">&#8211; Une opposition au traitement a \u00e9t\u00e9 formul\u00e9e conform\u00e9ment \u00e0 l&rsquo;article 21, paragraphe 1 du RGPD et il n&rsquo;est pas encore clair quels int\u00e9r\u00eats pr\u00e9valent.<\/span>\r\n\r\n&nbsp;\r\n<h3><span style=\"color: #000000;\">7.5 Droit de retirer un consentement<\/span><\/h3>\r\n<span style=\"color: #000000;\">Si vous nous avez donn\u00e9 un consentement explicite au traitement de vos donn\u00e9es personnelles conform\u00e9ment \u00e0 l&rsquo;article 6, paragraphe 1, point a), du RGPD ou \u00e0 l&rsquo;article 9, paragraphe 2, point a), du RGPD, vous pouvez le r\u00e9voquer \u00e0 tout moment. Veuillez noter que cela n&rsquo;affecte pas la l\u00e9galit\u00e9 des traitements effectu\u00e9s sur la base du consentement jusqu&rsquo;\u00e0 la r\u00e9vocation.<\/span>\r\n\r\n&nbsp;\r\n<h3><span style=\"color: #000000;\">7.6 Droit d&rsquo;opposition au traitement des donn\u00e9es<\/span><\/h3>\r\n<span style=\"color: #000000;\">Conform\u00e9ment \u00e0 l&rsquo;article 21 du RGPD, vous pouvez vous opposer \u00e0 tout moment au traitement des donn\u00e9es \u00e0 caract\u00e8re personnel vous concernant, dans la mesure o\u00f9 le traitement est effectu\u00e9 sur la base de l&rsquo;article 6, paragraphe 1, point e ou f du RGPD.<\/span>\r\n\r\n&nbsp;\r\n<h3><span style=\"color: #000000;\">8.0 Droit \u00e0 la portabilit\u00e9 des donn\u00e9es<\/span><\/h3>\r\n<span style=\"color: #000000;\">Vous avez le droit de nous demander de mettre \u00e0 votre disposition les donn\u00e9es personnelles vous concernant que vous nous avez transmises dans un format structur\u00e9, couramment utilis\u00e9 et lisible par machine. Vous pouvez en outre exiger que nous transmettions imm\u00e9diatement ces donn\u00e9es \u00e0 un tiers sur votre premi\u00e8re instruction, dans la mesure o\u00f9 le traitement repose sur un consentement conform\u00e9ment \u00e0 l&rsquo;article 6, paragraphe 1, point a), du RGPD ou \u00e0 l&rsquo;article 9, paragraphe 2, point a), du RGPD ou sur un contrat conform\u00e9ment \u00e0 l&rsquo;article 6, paragraphe b), du RGPD et que le traitement est effectu\u00e9 par nos soins dans le cadre d&rsquo;un traitement automatis\u00e9 des donn\u00e9es. En cas d&rsquo;exercice de ce droit \u00e0 la portabilit\u00e9 des donn\u00e9es, vous avez en outre le droit d&rsquo;obtenir que les donn\u00e9es \u00e0 caract\u00e8re personnel vous concernant soient transmises directement \u00e0 un autre responsable, dans la mesure o\u00f9 cela est techniquement possible. Cela ne doit pas porter atteinte aux libert\u00e9s et aux droits d&rsquo;autres personnes.<\/span>\r\n\r\n<span style=\"color: #000000;\">Le droit \u00e0 la portabilit\u00e9 des donn\u00e9es ne s&rsquo;applique pas au traitement des donn\u00e9es \u00e0 caract\u00e8re personnel n\u00e9cessaire \u00e0 l&rsquo;ex\u00e9cution d&rsquo;une mission d&rsquo;int\u00e9r\u00eat public ou relevant de l&rsquo;exercice de l&rsquo;autorit\u00e9 publique dont est investi le responsable du traitement.<\/span>\r\n\r\n&nbsp;\r\n<h3><span style=\"color: #000000;\">9.0 Comment pouvez-vous exercer vos droits susmentionn\u00e9s ?<\/span><\/h3>\r\n<span style=\"color: #000000;\">Vous pouvez exercer vos droits \u00e0 tout moment en vous adressant au contact indiqu\u00e9 ci-dessous.<\/span>\r\n\r\n&nbsp;\r\n\r\n<span style=\"color: #000000;\">Askal S. \u00e0 r. l.<\/span>\r\n\r\n<span style=\"color: #000000;\">4, Rue Pierre Richardot |L-6468 Echternach<\/span>\r\n\r\n<span style=\"color: #000000;\">T\u00e9l\u00e9phone : 00352 7292551<\/span>\r\n\r\n<span style=\"color: #000000;\">E-Mail:info@askal.lu -&gt; (v\u00e9rifier l&rsquo;exactitude)<\/span>\r\n\r\n&nbsp;\r\n<h3><span style=\"color: #000000;\">10.0 Droit de recours aupr\u00e8s de la CNPD ou d&rsquo;une autre autorit\u00e9 de contr\u00f4le comp\u00e9tente<\/span><\/h3>\r\n<span style=\"color: #000000;\">Si vous soup\u00e7onnez que vos donn\u00e9es sont trait\u00e9es ill\u00e9galement, vous pouvez \u00e0 tout moment demander une clarification judiciaire.<\/span>\r\n\r\n<span style=\"color: #000000;\">Ind\u00e9pendamment de cela, vous avez la possibilit\u00e9 de vous adresser \u00e0 la CNPD ou \u00e0 une autre autorit\u00e9 de surveillance comp\u00e9tente. Le droit de recours vous est ouvert dans l&rsquo;\u00c9tat membre<\/span>\r\n\r\n<span style=\"color: #000000;\">\u00c9tat membre de l&rsquo;UE de votre lieu de r\u00e9sidence, de votre lieu de travail et\/ou du lieu de l&rsquo;infraction pr\u00e9sum\u00e9e, c&rsquo;est-\u00e0-dire que vous pouvez choisir l&rsquo;autorit\u00e9 de contr\u00f4le \u00e0 laquelle vous vous adressez dans les lieux susmentionn\u00e9s. L&rsquo;autorit\u00e9 de contr\u00f4le aupr\u00e8s de laquelle la plainte a \u00e9t\u00e9 d\u00e9pos\u00e9e vous informera alors de l&rsquo;\u00e9tat et des r\u00e9sultats de votre requ\u00eate, y compris de la possibilit\u00e9 d&rsquo;un recours juridictionnel conform\u00e9ment \u00e0 l&rsquo;article 78 DS-GVO.Mail:info@askal.lu -&gt; (v\u00e9rifier l&rsquo;exactitude)<\/span>\t\t\t\t\t\t\t\t<\/div>\n\t\t\t\t<\/div>\n\t\t\t\t\t<\/div>\n\t\t<\/div>\n\t\t\t\t\t<\/div>\n\t\t<\/section>\n\t\t\t\t<\/div>\n\t\t","protected":false},"excerpt":{"rendered":"<p>Remarque g\u00e9n\u00e9rale Bienvenue sur le site Internet d&rsquo;Askal S.\u00e0 r.l.. Nous nous r\u00e9jouissons de votre visite. En r\u00e8gle g\u00e9n\u00e9rale, l&rsquo;utilisation de notre page Internet (site Web) est possible sans indication de donn\u00e9es personnelles. L&rsquo;utilisation de certaines offres de service sur notre page Internet (site Web) peut donner lieu \u00e0 des r\u00e8gles diff\u00e9rentes que nous souhaitons&hellip;&nbsp;<a href=\"https:\/\/askal.lu\/fr\/declaration-de-protection-des-donnees\/\" rel=\"bookmark\">Lire la suite &raquo;<span class=\"screen-reader-text\">D\u00e9claration de protection des donn\u00e9es<\/span><\/a><\/p>\n","protected":false},"author":1,"featured_media":0,"parent":0,"menu_order":0,"comment_status":"closed","ping_status":"open","template":"","meta":{"neve_meta_sidebar":"","neve_meta_container":"","neve_meta_enable_content_width":"","neve_meta_content_width":0,"neve_meta_title_alignment":"","neve_meta_author_avatar":"","neve_post_elements_order":"","neve_meta_disable_header":"","neve_meta_disable_footer":"","neve_meta_disable_title":"","footnotes":""},"class_list":["post-1116","page","type-page","status-publish","hentry"],"_links":{"self":[{"href":"https:\/\/askal.lu\/fr\/wp-json\/wp\/v2\/pages\/1116","targetHints":{"allow":["GET"]}}],"collection":[{"href":"https:\/\/askal.lu\/fr\/wp-json\/wp\/v2\/pages"}],"about":[{"href":"https:\/\/askal.lu\/fr\/wp-json\/wp\/v2\/types\/page"}],"author":[{"embeddable":true,"href":"https:\/\/askal.lu\/fr\/wp-json\/wp\/v2\/users\/1"}],"replies":[{"embeddable":true,"href":"https:\/\/askal.lu\/fr\/wp-json\/wp\/v2\/comments?post=1116"}],"version-history":[{"count":1,"href":"https:\/\/askal.lu\/fr\/wp-json\/wp\/v2\/pages\/1116\/revisions"}],"predecessor-version":[{"id":1117,"href":"https:\/\/askal.lu\/fr\/wp-json\/wp\/v2\/pages\/1116\/revisions\/1117"}],"wp:attachment":[{"href":"https:\/\/askal.lu\/fr\/wp-json\/wp\/v2\/media?parent=1116"}],"curies":[{"name":"wp","href":"https:\/\/api.w.org\/{rel}","templated":true}]}}